{"id":750,"date":"2020-12-16T13:51:21","date_gmt":"2020-12-16T19:51:21","guid":{"rendered":"https:\/\/mapagrouprealty.com\/?page_id=750"},"modified":"2025-04-01T14:28:01","modified_gmt":"2025-04-01T19:28:01","slug":"agente-realtor-madison-wisconsin","status":"publish","type":"page","link":"https:\/\/mapagrouprealty.com\/es\/agente-realtor-madison-wisconsin\/","title":{"rendered":"Acerca de Javier"},"content":{"rendered":"\t\t<div data-elementor-type=\"wp-page\" data-elementor-id=\"750\" class=\"elementor elementor-750\" data-elementor-post-type=\"page\">\n\t\t\t\t\t\t<section class=\"elementor-section elementor-top-section elementor-element elementor-element-4134e3c elementor-section-boxed elementor-section-height-default elementor-section-height-default\" data-id=\"4134e3c\" data-element_type=\"section\" data-e-type=\"section\" data-settings=\"{&quot;background_background&quot;:&quot;classic&quot;}\">\n\t\t\t\t\t\t<div class=\"elementor-container elementor-column-gap-default\">\n\t\t\t\t\t<div class=\"elementor-column elementor-col-100 elementor-top-column elementor-element elementor-element-cb550e2\" data-id=\"cb550e2\" data-element_type=\"column\" data-e-type=\"column\" data-settings=\"{&quot;background_background&quot;:&quot;classic&quot;}\">\n\t\t\t<div class=\"elementor-widget-wrap elementor-element-populated\">\n\t\t\t\t\t\t<section class=\"elementor-section elementor-inner-section elementor-element elementor-element-ac264c9 elementor-section-boxed elementor-section-height-default elementor-section-height-default\" data-id=\"ac264c9\" data-element_type=\"section\" data-e-type=\"section\">\n\t\t\t\t\t\t<div class=\"elementor-container elementor-column-gap-default\">\n\t\t\t\t\t<div class=\"elementor-column elementor-col-100 elementor-inner-column elementor-element elementor-element-83d6cfb\" data-id=\"83d6cfb\" data-element_type=\"column\" data-e-type=\"column\">\n\t\t\t<div class=\"elementor-widget-wrap elementor-element-populated\">\n\t\t\t\t\t\t<div class=\"elementor-element elementor-element-13e195b p-custom elementor-widget elementor-widget-text-editor\" data-id=\"13e195b\" data-element_type=\"widget\" data-e-type=\"widget\" data-widget_type=\"text-editor.default\">\n\t\t\t\t<div class=\"elementor-widget-container\">\n\t\t\t\t\t\t\t\t\t<p>Quiero ayudarte a lograr tus sue\u00f1os.<\/p>\t\t\t\t\t\t\t\t<\/div>\n\t\t\t\t<\/div>\n\t\t\t\t<div class=\"elementor-element elementor-element-f239c08 elementor-widget elementor-widget-heading\" data-id=\"f239c08\" data-element_type=\"widget\" data-e-type=\"widget\" data-widget_type=\"heading.default\">\n\t\t\t\t<div class=\"elementor-widget-container\">\n\t\t\t\t\t<h1 class=\"elementor-heading-title elementor-size-default\">Acerca de Tu Agente de Madison Wisconsin, Javier Neira<\/h1>\t\t\t\t<\/div>\n\t\t\t\t<\/div>\n\t\t\t\t\t<\/div>\n\t\t<\/div>\n\t\t\t\t\t<\/div>\n\t\t<\/section>\n\t\t\t\t<div class=\"elementor-element elementor-element-0fdea7a elementor-widget elementor-widget-image\" data-id=\"0fdea7a\" data-element_type=\"widget\" data-e-type=\"widget\" data-widget_type=\"image.default\">\n\t\t\t\t<div class=\"elementor-widget-container\">\n\t\t\t\t\t\t\t\t\t\t\t\t\t\t\t<img decoding=\"async\" width=\"387\" height=\"464\" data-src=\"https:\/\/mapagrouprealty.com\/wp-content\/uploads\/2025\/01\/Neira_Javier-20240620-Med_web_med.jpg\" class=\"attachment-medium_large size-medium_large wp-image-1148 lazyload\" alt=\"\" data-srcset=\"https:\/\/mapagrouprealty.com\/wp-content\/uploads\/2025\/01\/Neira_Javier-20240620-Med_web_med.jpg 387w, https:\/\/mapagrouprealty.com\/wp-content\/uploads\/2025\/01\/Neira_Javier-20240620-Med_web_med-250x300.jpg 250w\" data-sizes=\"auto, (max-width: 387px) 100vw, 387px\" src=\"data:image\/svg+xml;base64,PHN2ZyB3aWR0aD0iMSIgaGVpZ2h0PSIxIiB4bWxucz0iaHR0cDovL3d3dy53My5vcmcvMjAwMC9zdmciPjwvc3ZnPg==\" style=\"--smush-placeholder-width: 387px; --smush-placeholder-aspect-ratio: 387\/464;\" \/>\t\t\t\t\t\t\t\t\t\t\t\t\t\t\t<\/div>\n\t\t\t\t<\/div>\n\t\t\t\t<section class=\"elementor-section elementor-inner-section elementor-element elementor-element-8966bb5 elementor-section-boxed elementor-section-height-default elementor-section-height-default\" data-id=\"8966bb5\" data-element_type=\"section\" data-e-type=\"section\">\n\t\t\t\t\t\t<div class=\"elementor-container elementor-column-gap-default\">\n\t\t\t\t\t<div class=\"elementor-column elementor-col-100 elementor-inner-column elementor-element elementor-element-0b50bb7\" data-id=\"0b50bb7\" data-element_type=\"column\" data-e-type=\"column\">\n\t\t\t<div class=\"elementor-widget-wrap elementor-element-populated\">\n\t\t\t\t\t\t<div class=\"elementor-element elementor-element-3ffa5a8 p-custom elementor-widget elementor-widget-text-editor\" data-id=\"3ffa5a8\" data-element_type=\"widget\" data-e-type=\"widget\" data-widget_type=\"text-editor.default\">\n\t\t\t\t<div class=\"elementor-widget-container\">\n\t\t\t\t\t\t\t\t\t<p>Mi historia es similar a la de muchos en nuestra comunidad de Madison. Crec\u00ed en Bogot\u00e1, Colombia y me mud\u00e9 a los Estados Unidos en la escuela secundaria. Desde temprana edad, supe que quer\u00eda aprovechar al m\u00e1ximo la oportunidad que me hab\u00edan dado mis padres y trabaj\u00e9 duro para superarme y perseguir mis objetivos educativos. Despu\u00e9s de la secundaria, con trabajo duro y el apoyo de mi familia, me aceptaron en UW-Madison, donde me gradu\u00e9 con un t\u00edtulo en ciencias pol\u00edticas y estudios internacionales.<\/p><p>Comenc\u00e9 mi trayectoria profesional en el campo de la educaci\u00f3n superior, donde trabaj\u00e9 durante varios a\u00f1os como parte de programas especiales que se enfocaban en ayudar a las personas y familias de nuestra comunidad a conocer sus oportunidades de educaci\u00f3n superior y alcanzar sus metas.<\/p><p>Durante este tiempo realmente tuve la oportunidad de aprender m\u00e1s sobre las necesidades de nuestra comunidad, particularmente la de la comunidad Latinx y otros grupos minoritarios. Despu\u00e9s de varios a\u00f1os en este cargo, comenc\u00e9 a preguntarme si hab\u00eda m\u00e1s formas en que pudiera apoyar a los miembros de nuestra comunidad de Madison y capacitarlos para que aprovechen al m\u00e1ximo lo que tienen a su disposici\u00f3n.<\/p><p>El desarrollo econ\u00f3mico siempre ha sido una de mis pasiones, y este parec\u00eda ser el pr\u00f3ximo paso l\u00f3gico y la direcci\u00f3n de mi vida profesional. Decid\u00ed mudarme al sector inmobiliario como una forma de ayudar a otros a invertir en su futuro. Creo en el poder de invertir a largo plazo y los bienes ra\u00edces han sido la forma m\u00e1s consistente y confiable de hacerlo. Combino mis pasiones en la educaci\u00f3n, la construcci\u00f3n de comunidad y el crecimiento econ\u00f3mico y utilizar mi licencia de bienes ra\u00edces para ser un verdadero agente de cambio en nuestra comunidad.<\/p><p>Mi carrera en el sector inmobiliario ya ha demostrado ser muy gratificante. Disfruto de la oportunidad de ayudar a las personas a tomar una de las decisiones m\u00e1s importantes de su vida. Entiendo que el proceso de compra y venta puede ser intimidante, y m\u00e1s a\u00fan cuando puede haber una barrera del idioma. Mi objetivo es hacer que todos y cada uno de mis clientes se sientan c\u00f3modos y brindarles toda la informaci\u00f3n que necesitan para comprender el proceso con claridad, de modo que tengan confianza en las decisiones que toman.<\/p><p>Cuando no estoy trabajando con clientes o investigando las \u00faltimas noticias del mercado, puedes encontrarme disfrutando de un buen programa de televisi\u00f3n o cocinando comida colombiana y peruana en casa con mi esposa y mi hijo.<\/p><p>Como su agente de bienes ra\u00edces, espero conocer gente de todos los \u00e1mbitos de la vida y brindarle la orientaci\u00f3n, el apoyo y la tranquilidad necesarios mientras marca uno de los hitos m\u00e1s importantes de la vida.<\/p><p>Soy miembro de la corredora Capella Real Estate Group LLC, donde colaboro con otros agentes inmobiliarios y personal de apoyo para obtener los mejores resultados para mis clientes de manera eficiente y efectiva.<\/p>\t\t\t\t\t\t\t\t<\/div>\n\t\t\t\t<\/div>\n\t\t\t\t<div class=\"elementor-element elementor-element-bde812e elementor-button-info elementor-align-center elementor-widget elementor-widget-button\" data-id=\"bde812e\" data-element_type=\"widget\" data-e-type=\"widget\" data-widget_type=\"button.default\">\n\t\t\t\t<div class=\"elementor-widget-container\">\n\t\t\t\t\t\t\t\t\t<div class=\"elementor-button-wrapper\">\n\t\t\t\t\t<a class=\"elementor-button elementor-button-link elementor-size-sm\" href=\"https:\/\/mapagrouprealty.com\/es\/contactanos\/\">\n\t\t\t\t\t\t<span class=\"elementor-button-content-wrapper\">\n\t\t\t\t\t\t\t\t\t<span class=\"elementor-button-text\">CONTACTATE CONMIGO<\/span>\n\t\t\t\t\t<\/span>\n\t\t\t\t\t<\/a>\n\t\t\t\t<\/div>\n\t\t\t\t\t\t\t\t<\/div>\n\t\t\t\t<\/div>\n\t\t\t\t\t<\/div>\n\t\t<\/div>\n\t\t\t\t\t<\/div>\n\t\t<\/section>\n\t\t\t\t\t<\/div>\n\t\t<\/div>\n\t\t\t\t\t<\/div>\n\t\t<\/section>\n\t\t\t\t<\/div>\n\t\t","protected":false},"excerpt":{"rendered":"<p>Quiero ayudarte a lograr tus sue\u00f1os. Acerca de Tu Agente de Madison Wisconsin, Javier Neira Mi historia es similar a la de muchos en nuestra comunidad de Madison. Crec\u00ed en Bogot\u00e1, Colombia y me mud\u00e9 a los Estados Unidos en la escuela secundaria. Desde temprana edad, supe que quer\u00eda aprovechar al m\u00e1ximo la oportunidad que [&hellip;]<\/p>\n","protected":false},"author":1,"featured_media":0,"parent":0,"menu_order":0,"comment_status":"closed","ping_status":"closed","template":"elementor_header_footer","meta":{"nf_dc_page":"","footnotes":""},"class_list":["post-750","page","type-page","status-publish","hentry"],"yoast_head":"<!-- This site is optimized with the Yoast SEO plugin v27.4 - https:\/\/yoast.com\/product\/yoast-seo-wordpress\/ -->\n<title>Acerca de Javier | Se Habla Espa\u00f1ol | Mapa Group Real Estate<\/title>\n<meta name=\"robots\" content=\"index, follow, max-snippet:-1, max-image-preview:large, max-video-preview:-1\" \/>\n<link rel=\"canonical\" href=\"https:\/\/mapagrouprealty.com\/es\/agente-realtor-madison-wisconsin\/\" \/>\n<meta property=\"og:locale\" content=\"es_ES\" \/>\n<meta property=\"og:type\" content=\"article\" \/>\n<meta property=\"og:title\" content=\"Acerca de Javier | Se Habla Espa\u00f1ol | Mapa Group Real Estate\" \/>\n<meta property=\"og:description\" content=\"Quiero ayudarte a lograr tus sue\u00f1os. Acerca de Tu Agente de Madison Wisconsin, Javier Neira Mi historia es similar a la de muchos en nuestra comunidad de Madison. Crec\u00ed en Bogot\u00e1, Colombia y me mud\u00e9 a los Estados Unidos en la escuela secundaria. Desde temprana edad, supe que quer\u00eda aprovechar al m\u00e1ximo la oportunidad que [&hellip;]\" \/>\n<meta property=\"og:url\" content=\"https:\/\/mapagrouprealty.com\/es\/agente-realtor-madison-wisconsin\/\" \/>\n<meta property=\"og:site_name\" content=\"Mapa Group Real Estate\" \/>\n<meta property=\"article:publisher\" content=\"https:\/\/www.facebook.com\/mapagrouprealestate\" \/>\n<meta property=\"article:modified_time\" content=\"2025-04-01T19:28:01+00:00\" \/>\n<meta property=\"og:image\" content=\"https:\/\/mapagrouprealty.com\/wp-content\/uploads\/2025\/01\/Neira_Javier-20240620-Med_web_med.jpg\" \/>\n<meta name=\"twitter:card\" content=\"summary_large_image\" \/>\n<meta name=\"twitter:site\" content=\"@maparealestate\" \/>\n<meta name=\"twitter:label1\" content=\"Tiempo de lectura\" \/>\n\t<meta name=\"twitter:data1\" content=\"3 minutos\" \/>\n<script type=\"application\/ld+json\" class=\"yoast-schema-graph\">{\"@context\":\"https:\\\/\\\/schema.org\",\"@graph\":[{\"@type\":\"WebPage\",\"@id\":\"https:\\\/\\\/mapagrouprealty.com\\\/es\\\/agente-realtor-madison-wisconsin\\\/\",\"url\":\"https:\\\/\\\/mapagrouprealty.com\\\/es\\\/agente-realtor-madison-wisconsin\\\/\",\"name\":\"Acerca de Javier | Se Habla Espa\u00f1ol | Mapa Group Real Estate\",\"isPartOf\":{\"@id\":\"https:\\\/\\\/mapagrouprealty.com\\\/es\\\/#website\"},\"primaryImageOfPage\":{\"@id\":\"https:\\\/\\\/mapagrouprealty.com\\\/es\\\/agente-realtor-madison-wisconsin\\\/#primaryimage\"},\"image\":{\"@id\":\"https:\\\/\\\/mapagrouprealty.com\\\/es\\\/agente-realtor-madison-wisconsin\\\/#primaryimage\"},\"thumbnailUrl\":\"https:\\\/\\\/mapagrouprealty.com\\\/wp-content\\\/uploads\\\/2025\\\/01\\\/Neira_Javier-20240620-Med_web_med.jpg\",\"datePublished\":\"2020-12-16T19:51:21+00:00\",\"dateModified\":\"2025-04-01T19:28:01+00:00\",\"breadcrumb\":{\"@id\":\"https:\\\/\\\/mapagrouprealty.com\\\/es\\\/agente-realtor-madison-wisconsin\\\/#breadcrumb\"},\"inLanguage\":\"es\",\"potentialAction\":[{\"@type\":\"ReadAction\",\"target\":[\"https:\\\/\\\/mapagrouprealty.com\\\/es\\\/agente-realtor-madison-wisconsin\\\/\"]}]},{\"@type\":\"ImageObject\",\"inLanguage\":\"es\",\"@id\":\"https:\\\/\\\/mapagrouprealty.com\\\/es\\\/agente-realtor-madison-wisconsin\\\/#primaryimage\",\"url\":\"https:\\\/\\\/mapagrouprealty.com\\\/wp-content\\\/uploads\\\/2025\\\/01\\\/Neira_Javier-20240620-Med_web_med.jpg\",\"contentUrl\":\"https:\\\/\\\/mapagrouprealty.com\\\/wp-content\\\/uploads\\\/2025\\\/01\\\/Neira_Javier-20240620-Med_web_med.jpg\"},{\"@type\":\"BreadcrumbList\",\"@id\":\"https:\\\/\\\/mapagrouprealty.com\\\/es\\\/agente-realtor-madison-wisconsin\\\/#breadcrumb\",\"itemListElement\":[{\"@type\":\"ListItem\",\"position\":1,\"name\":\"Home\",\"item\":\"https:\\\/\\\/mapagrouprealty.com\\\/es\\\/\"},{\"@type\":\"ListItem\",\"position\":2,\"name\":\"Acerca de Javier\"}]},{\"@type\":\"WebSite\",\"@id\":\"https:\\\/\\\/mapagrouprealty.com\\\/es\\\/#website\",\"url\":\"https:\\\/\\\/mapagrouprealty.com\\\/es\\\/\",\"name\":\"Mapa Group Real Estate\",\"description\":\"\",\"publisher\":{\"@id\":\"https:\\\/\\\/mapagrouprealty.com\\\/es\\\/#organization\"},\"potentialAction\":[{\"@type\":\"SearchAction\",\"target\":{\"@type\":\"EntryPoint\",\"urlTemplate\":\"https:\\\/\\\/mapagrouprealty.com\\\/es\\\/?s={search_term_string}\"},\"query-input\":{\"@type\":\"PropertyValueSpecification\",\"valueRequired\":true,\"valueName\":\"search_term_string\"}}],\"inLanguage\":\"es\"},{\"@type\":\"Organization\",\"@id\":\"https:\\\/\\\/mapagrouprealty.com\\\/es\\\/#organization\",\"name\":\"Mapa Group Real Estate\",\"url\":\"https:\\\/\\\/mapagrouprealty.com\\\/es\\\/\",\"logo\":{\"@type\":\"ImageObject\",\"inLanguage\":\"es\",\"@id\":\"https:\\\/\\\/mapagrouprealty.com\\\/es\\\/#\\\/schema\\\/logo\\\/image\\\/\",\"url\":\"https:\\\/\\\/mapagrouprealty.com\\\/wp-content\\\/uploads\\\/2020\\\/10\\\/logomapagroup.png\",\"contentUrl\":\"https:\\\/\\\/mapagrouprealty.com\\\/wp-content\\\/uploads\\\/2020\\\/10\\\/logomapagroup.png\",\"width\":369,\"height\":151,\"caption\":\"Mapa Group Real Estate\"},\"image\":{\"@id\":\"https:\\\/\\\/mapagrouprealty.com\\\/es\\\/#\\\/schema\\\/logo\\\/image\\\/\"},\"sameAs\":[\"https:\\\/\\\/www.facebook.com\\\/mapagrouprealestate\",\"https:\\\/\\\/x.com\\\/maparealestate\"]}]}<\/script>\n<!-- \/ Yoast SEO plugin. -->","yoast_head_json":{"title":"Acerca de Javier | Se Habla Espa\u00f1ol | Mapa Group Real Estate","robots":{"index":"index","follow":"follow","max-snippet":"max-snippet:-1","max-image-preview":"max-image-preview:large","max-video-preview":"max-video-preview:-1"},"canonical":"https:\/\/mapagrouprealty.com\/es\/agente-realtor-madison-wisconsin\/","og_locale":"es_ES","og_type":"article","og_title":"Acerca de Javier | Se Habla Espa\u00f1ol | Mapa Group Real Estate","og_description":"Quiero ayudarte a lograr tus sue\u00f1os. Acerca de Tu Agente de Madison Wisconsin, Javier Neira Mi historia es similar a la de muchos en nuestra comunidad de Madison. Crec\u00ed en Bogot\u00e1, Colombia y me mud\u00e9 a los Estados Unidos en la escuela secundaria. Desde temprana edad, supe que quer\u00eda aprovechar al m\u00e1ximo la oportunidad que [&hellip;]","og_url":"https:\/\/mapagrouprealty.com\/es\/agente-realtor-madison-wisconsin\/","og_site_name":"Mapa Group Real Estate","article_publisher":"https:\/\/www.facebook.com\/mapagrouprealestate","article_modified_time":"2025-04-01T19:28:01+00:00","og_image":[{"url":"https:\/\/mapagrouprealty.com\/wp-content\/uploads\/2025\/01\/Neira_Javier-20240620-Med_web_med.jpg","type":"","width":"","height":""}],"twitter_card":"summary_large_image","twitter_site":"@maparealestate","twitter_misc":{"Tiempo de lectura":"3 minutos"},"schema":{"@context":"https:\/\/schema.org","@graph":[{"@type":"WebPage","@id":"https:\/\/mapagrouprealty.com\/es\/agente-realtor-madison-wisconsin\/","url":"https:\/\/mapagrouprealty.com\/es\/agente-realtor-madison-wisconsin\/","name":"Acerca de Javier | Se Habla Espa\u00f1ol | Mapa Group Real Estate","isPartOf":{"@id":"https:\/\/mapagrouprealty.com\/es\/#website"},"primaryImageOfPage":{"@id":"https:\/\/mapagrouprealty.com\/es\/agente-realtor-madison-wisconsin\/#primaryimage"},"image":{"@id":"https:\/\/mapagrouprealty.com\/es\/agente-realtor-madison-wisconsin\/#primaryimage"},"thumbnailUrl":"https:\/\/mapagrouprealty.com\/wp-content\/uploads\/2025\/01\/Neira_Javier-20240620-Med_web_med.jpg","datePublished":"2020-12-16T19:51:21+00:00","dateModified":"2025-04-01T19:28:01+00:00","breadcrumb":{"@id":"https:\/\/mapagrouprealty.com\/es\/agente-realtor-madison-wisconsin\/#breadcrumb"},"inLanguage":"es","potentialAction":[{"@type":"ReadAction","target":["https:\/\/mapagrouprealty.com\/es\/agente-realtor-madison-wisconsin\/"]}]},{"@type":"ImageObject","inLanguage":"es","@id":"https:\/\/mapagrouprealty.com\/es\/agente-realtor-madison-wisconsin\/#primaryimage","url":"https:\/\/mapagrouprealty.com\/wp-content\/uploads\/2025\/01\/Neira_Javier-20240620-Med_web_med.jpg","contentUrl":"https:\/\/mapagrouprealty.com\/wp-content\/uploads\/2025\/01\/Neira_Javier-20240620-Med_web_med.jpg"},{"@type":"BreadcrumbList","@id":"https:\/\/mapagrouprealty.com\/es\/agente-realtor-madison-wisconsin\/#breadcrumb","itemListElement":[{"@type":"ListItem","position":1,"name":"Home","item":"https:\/\/mapagrouprealty.com\/es\/"},{"@type":"ListItem","position":2,"name":"Acerca de Javier"}]},{"@type":"WebSite","@id":"https:\/\/mapagrouprealty.com\/es\/#website","url":"https:\/\/mapagrouprealty.com\/es\/","name":"Mapa Group Real Estate","description":"","publisher":{"@id":"https:\/\/mapagrouprealty.com\/es\/#organization"},"potentialAction":[{"@type":"SearchAction","target":{"@type":"EntryPoint","urlTemplate":"https:\/\/mapagrouprealty.com\/es\/?s={search_term_string}"},"query-input":{"@type":"PropertyValueSpecification","valueRequired":true,"valueName":"search_term_string"}}],"inLanguage":"es"},{"@type":"Organization","@id":"https:\/\/mapagrouprealty.com\/es\/#organization","name":"Mapa Group Real Estate","url":"https:\/\/mapagrouprealty.com\/es\/","logo":{"@type":"ImageObject","inLanguage":"es","@id":"https:\/\/mapagrouprealty.com\/es\/#\/schema\/logo\/image\/","url":"https:\/\/mapagrouprealty.com\/wp-content\/uploads\/2020\/10\/logomapagroup.png","contentUrl":"https:\/\/mapagrouprealty.com\/wp-content\/uploads\/2020\/10\/logomapagroup.png","width":369,"height":151,"caption":"Mapa Group Real Estate"},"image":{"@id":"https:\/\/mapagrouprealty.com\/es\/#\/schema\/logo\/image\/"},"sameAs":["https:\/\/www.facebook.com\/mapagrouprealestate","https:\/\/x.com\/maparealestate"]}]}},"_links":{"self":[{"href":"https:\/\/mapagrouprealty.com\/es\/wp-json\/wp\/v2\/pages\/750","targetHints":{"allow":["GET"]}}],"collection":[{"href":"https:\/\/mapagrouprealty.com\/es\/wp-json\/wp\/v2\/pages"}],"about":[{"href":"https:\/\/mapagrouprealty.com\/es\/wp-json\/wp\/v2\/types\/page"}],"author":[{"embeddable":true,"href":"https:\/\/mapagrouprealty.com\/es\/wp-json\/wp\/v2\/users\/1"}],"replies":[{"embeddable":true,"href":"https:\/\/mapagrouprealty.com\/es\/wp-json\/wp\/v2\/comments?post=750"}],"version-history":[{"count":15,"href":"https:\/\/mapagrouprealty.com\/es\/wp-json\/wp\/v2\/pages\/750\/revisions"}],"predecessor-version":[{"id":1161,"href":"https:\/\/mapagrouprealty.com\/es\/wp-json\/wp\/v2\/pages\/750\/revisions\/1161"}],"wp:attachment":[{"href":"https:\/\/mapagrouprealty.com\/es\/wp-json\/wp\/v2\/media?parent=750"}],"curies":[{"name":"wp","href":"https:\/\/api.w.org\/{rel}","templated":true}]}}