{"id":765,"date":"2020-12-16T14:03:37","date_gmt":"2020-12-16T20:03:37","guid":{"rendered":"https:\/\/mapagrouprealty.com\/?page_id=765"},"modified":"2021-03-24T11:18:38","modified_gmt":"2021-03-24T16:18:38","slug":"agente-de-real-estate-para-compradores-madison-wisconsin","status":"publish","type":"page","link":"https:\/\/mapagrouprealty.com\/es\/agente-de-real-estate-para-compradores-madison-wisconsin\/","title":{"rendered":"Agente de Real Estate para Compradores"},"content":{"rendered":"\t\t<div data-elementor-type=\"wp-page\" data-elementor-id=\"765\" class=\"elementor elementor-765\" data-elementor-post-type=\"page\">\n\t\t\t\t\t\t<section class=\"elementor-section elementor-top-section elementor-element elementor-element-3802bb82 elementor-section-boxed elementor-section-height-default elementor-section-height-default\" data-id=\"3802bb82\" data-element_type=\"section\" data-e-type=\"section\" data-settings=\"{&quot;background_background&quot;:&quot;classic&quot;}\">\n\t\t\t\t\t\t<div class=\"elementor-container elementor-column-gap-default\">\n\t\t\t\t\t<div class=\"elementor-column elementor-col-100 elementor-top-column elementor-element elementor-element-6b669d63\" data-id=\"6b669d63\" data-element_type=\"column\" data-e-type=\"column\" data-settings=\"{&quot;background_background&quot;:&quot;classic&quot;}\">\n\t\t\t<div class=\"elementor-widget-wrap elementor-element-populated\">\n\t\t\t\t\t\t<section class=\"elementor-section elementor-inner-section elementor-element elementor-element-5aad5a45 elementor-section-boxed elementor-section-height-default elementor-section-height-default\" data-id=\"5aad5a45\" data-element_type=\"section\" data-e-type=\"section\">\n\t\t\t\t\t\t<div class=\"elementor-container elementor-column-gap-default\">\n\t\t\t\t\t<div class=\"elementor-column elementor-col-100 elementor-inner-column elementor-element elementor-element-51a871fc\" data-id=\"51a871fc\" data-element_type=\"column\" data-e-type=\"column\">\n\t\t\t<div class=\"elementor-widget-wrap elementor-element-populated\">\n\t\t\t\t\t\t<div class=\"elementor-element elementor-element-37de462 p-custom elementor-widget elementor-widget-text-editor\" data-id=\"37de462\" data-element_type=\"widget\" data-e-type=\"widget\" data-widget_type=\"text-editor.default\">\n\t\t\t\t<div class=\"elementor-widget-container\">\n\t\t\t\t\t\t\t\t\t<p>Cuando sea el momento de comprar una casa, estoy aqu\u00ed para ti<\/p>\t\t\t\t\t\t\t\t<\/div>\n\t\t\t\t<\/div>\n\t\t\t\t<div class=\"elementor-element elementor-element-47489ad elementor-widget elementor-widget-heading\" data-id=\"47489ad\" data-element_type=\"widget\" data-e-type=\"widget\" data-widget_type=\"heading.default\">\n\t\t\t\t<div class=\"elementor-widget-container\">\n\t\t\t\t\t<h1 class=\"elementor-heading-title elementor-size-xl\">Un Agente Del Comprador Que Lo Respaldar\u00e1<\/h1>\t\t\t\t<\/div>\n\t\t\t\t<\/div>\n\t\t\t\t<div class=\"elementor-element elementor-element-43cf214 elementor-widget elementor-widget-spacer\" data-id=\"43cf214\" data-element_type=\"widget\" data-e-type=\"widget\" data-widget_type=\"spacer.default\">\n\t\t\t\t<div class=\"elementor-widget-container\">\n\t\t\t\t\t\t\t<div class=\"elementor-spacer\">\n\t\t\t<div class=\"elementor-spacer-inner\"><\/div>\n\t\t<\/div>\n\t\t\t\t\t\t<\/div>\n\t\t\t\t<\/div>\n\t\t\t\t\t<\/div>\n\t\t<\/div>\n\t\t\t\t\t<\/div>\n\t\t<\/section>\n\t\t\t\t<section class=\"elementor-section elementor-inner-section elementor-element elementor-element-1dba53ed elementor-section-boxed elementor-section-height-default elementor-section-height-default\" data-id=\"1dba53ed\" data-element_type=\"section\" data-e-type=\"section\">\n\t\t\t\t\t\t<div class=\"elementor-container elementor-column-gap-default\">\n\t\t\t\t\t<div class=\"elementor-column elementor-col-100 elementor-inner-column elementor-element elementor-element-492181eb\" data-id=\"492181eb\" data-element_type=\"column\" data-e-type=\"column\">\n\t\t\t<div class=\"elementor-widget-wrap elementor-element-populated\">\n\t\t\t\t\t\t<div class=\"elementor-element elementor-element-54ac0a08 p-custom elementor-widget elementor-widget-text-editor\" data-id=\"54ac0a08\" data-element_type=\"widget\" data-e-type=\"widget\" data-widget_type=\"text-editor.default\">\n\t\t\t\t<div class=\"elementor-widget-container\">\n\t\t\t\t\t\t\t\t\t<p>Entiendo que comprar una casa puede ser tan complicado y abrumador como emocionante. Como su agente de compras, mi objetivo es quitarle la carga de encima y simplificar el proceso de compra de una vivienda para que realmente pueda disfrutar de la experiencia.<\/p><p>Quiero que se sienta seguro con sus elecciones en cada paso del camino y que lo ayude a lograr sus sue\u00f1os de ser propietario de una vivienda.<\/p>\t\t\t\t\t\t\t\t<\/div>\n\t\t\t\t<\/div>\n\t\t\t\t<div class=\"elementor-element elementor-element-166ba3f elementor-widget elementor-widget-heading\" data-id=\"166ba3f\" data-element_type=\"widget\" data-e-type=\"widget\" data-widget_type=\"heading.default\">\n\t\t\t\t<div class=\"elementor-widget-container\">\n\t\t\t\t\t<h3 class=\"elementor-heading-title elementor-size-medium\">\u00bfNo est\u00e1 seguro de si re\u00fane los requisitos para comprar una casa?<\/h3>\t\t\t\t<\/div>\n\t\t\t\t<\/div>\n\t\t\t\t<div class=\"elementor-element elementor-element-82ae108 p-custom elementor-widget elementor-widget-text-editor\" data-id=\"82ae108\" data-element_type=\"widget\" data-e-type=\"widget\" data-widget_type=\"text-editor.default\">\n\t\t\t\t<div class=\"elementor-widget-container\">\n\t\t\t\t\t\t\t\t\t<p>\u00a1Charlemos! Conocemos varios programas que podr\u00edan ayudarlo a comprar una casa. <a href=\"https:\/\/mapagrouprealty.com\/es\/contactanos\/\">Cont\u00e1ctenos hoy.<\/a><\/p><p>\u00a0<\/p>\t\t\t\t\t\t\t\t<\/div>\n\t\t\t\t<\/div>\n\t\t\t\t<div class=\"elementor-element elementor-element-6a2e2e2 elementor-widget elementor-widget-heading\" data-id=\"6a2e2e2\" data-element_type=\"widget\" data-e-type=\"widget\" data-widget_type=\"heading.default\">\n\t\t\t\t<div class=\"elementor-widget-container\">\n\t\t\t\t\t<h3 class=\"elementor-heading-title elementor-size-large\">Qu\u00e9 esperar: Pasos para comprar una casa<\/h3>\t\t\t\t<\/div>\n\t\t\t\t<\/div>\n\t\t\t\t<div class=\"elementor-element elementor-element-9c42450 p-custom elementor-widget elementor-widget-text-editor\" data-id=\"9c42450\" data-element_type=\"widget\" data-e-type=\"widget\" data-widget_type=\"text-editor.default\">\n\t\t\t\t<div class=\"elementor-widget-container\">\n\t\t\t\t\t\t\t\t\t<p><strong>1 | Reuni\u00f3n inicial<\/strong><\/p><p>Tan pronto como se comunique conmigo, organizaremos una reuni\u00f3n para que pueda conocer m\u00e1s sobre sus necesidades, esperanzas y expectativas. Durante esta reuni\u00f3n, tambi\u00e9n analizar\u00e9 el proceso de compra de una vivienda para usted y responder\u00e9 cualquier pregunta que pueda tener.<\/p><p><strong>2 | Primeros pasos<\/strong><\/p><p>Despu\u00e9s de la reuni\u00f3n inicial, si est\u00e1 listo para comenzar, lo guiar\u00e9 a trav\u00e9s del proceso de obtener una carta de aprobaci\u00f3n previa de un prestamista hipotecario de su elecci\u00f3n (tengo algunos prestamistas confiables para recomendar, en caso de que los necesite) .<\/p><p>Una vez que tengamos su carta de aprobaci\u00f3n previa y conozcamos su presupuesto, lo configurar\u00e9 con alertas por correo electr\u00f3nico para que reciba una notificaci\u00f3n cada vez que un listado dentro de su presupuesto y que cumpla con sus requisitos (# de dormitorios, ba\u00f1os, etc.) est\u00e9 disponible. .<\/p><p><strong>3 | Inicio de la b\u00fasqueda y proyecciones<\/strong><\/p><p>\u00a1La parte divertida! Aqu\u00ed es cuando me avisas cuando encuentras una ficha sobre la que est\u00e1s interesado en obtener m\u00e1s informaci\u00f3n. Pero no se preocupe, no todo depende de usted. Tambi\u00e9n estoy atento a los listados y les har\u00e9 saber si encuentro algo que creo que podr\u00eda gustarle o si hay pr\u00f3ximas jornadas de puertas abiertas que podr\u00edan ser una buena opci\u00f3n.<\/p><p>Lo ayudar\u00e9 a investigar vecindarios, distritos escolares y cualquier otro detalle que necesite para decidir qu\u00e9 funciona mejor para usted.<\/p><p>Una vez que encontremos una casa que le guste, me pondr\u00e9 en contacto con el vendedor en su nombre y le har\u00e9 cualquier pregunta de seguimiento y programar\u00e9 una visita. Es posible que vayamos a algunas proyecciones antes de encontrar su hogar perfecto, \u00a1y est\u00e1 bien! Quiero que se familiarice con lo que hay disponible para que realmente pueda aprender lo que le gusta y lo que no le gusta, para que pueda tener confianza en su decisi\u00f3n una vez que elija hacer una oferta por una vivienda.<\/p><p><strong>4 | Presentaci\u00f3n de una oferta y proceso de cierre<\/strong><\/p><p>Investigar\u00e9 anuncios similares en el \u00e1rea para que podamos averiguar cu\u00e1l es un precio justo para la propiedad y usarlo en su oferta. Como su agente, soy su defensor durante todo el proceso de compra. Investigar\u00e9 para conseguirle el mejor precio posible y negociar\u00e9 t\u00e9rminos justos en su nombre.<\/p><p>Una vez que tenga una oferta aceptada, me pondr\u00e9 a trabajar en el papeleo y lo guiar\u00e9 durante el cierre. Lo ayudar\u00e9 a seleccionar un inspector de viviendas y me asegurar\u00e9 de que hagamos nuestra debida diligencia para proteger sus intereses en cada paso del camino.<\/p><p><strong>5 | Desde la compra de su hogar a m\u00e1s all\u00e1<\/strong><\/p><p>El hecho de que haya comprado una casa con \u00e9xito no significa que no pueda contar conmigo para todas las necesidades de su hogar. Si alguna vez necesita recomendaciones de un contratista, tiene alguna pregunta sobre su vecindario o le gustar\u00eda mejorar su propiedad, \u00a1h\u00e1gamelo saber! Estar\u00e9 listo para ayudarlo en todo lo que pueda.<\/p><p>Si est\u00e1 buscando un agente que se tome el tiempo para escuchar sus necesidades, brindarle consejos sinceros y siempre velar por sus mejores intereses, ll\u00e1meme. No tengo ninguna duda de que puedo ayudarte a encontrar el mejor hogar para ti y tu familia.<\/p>\t\t\t\t\t\t\t\t<\/div>\n\t\t\t\t<\/div>\n\t\t\t\t<div class=\"elementor-element elementor-element-8b7cade elementor-button-info elementor-align-center elementor-widget elementor-widget-button\" data-id=\"8b7cade\" data-element_type=\"widget\" data-e-type=\"widget\" data-widget_type=\"button.default\">\n\t\t\t\t<div class=\"elementor-widget-container\">\n\t\t\t\t\t\t\t\t\t<div class=\"elementor-button-wrapper\">\n\t\t\t\t\t<a class=\"elementor-button elementor-button-link elementor-size-sm\" href=\"https:\/\/mapagrouprealty.com\/es\/contactanos\/\">\n\t\t\t\t\t\t<span class=\"elementor-button-content-wrapper\">\n\t\t\t\t\t\t\t\t\t<span class=\"elementor-button-text\">CONTACTENOS<\/span>\n\t\t\t\t\t<\/span>\n\t\t\t\t\t<\/a>\n\t\t\t\t<\/div>\n\t\t\t\t\t\t\t\t<\/div>\n\t\t\t\t<\/div>\n\t\t\t\t\t<\/div>\n\t\t<\/div>\n\t\t\t\t\t<\/div>\n\t\t<\/section>\n\t\t\t\t\t<\/div>\n\t\t<\/div>\n\t\t\t\t\t<\/div>\n\t\t<\/section>\n\t\t\t\t<\/div>\n\t\t","protected":false},"excerpt":{"rendered":"<p>Cuando sea el momento de comprar una casa, estoy aqu\u00ed para ti Un Agente Del Comprador Que Lo Respaldar\u00e1 Entiendo que comprar una casa puede ser tan complicado y abrumador como emocionante. Como su agente de compras, mi objetivo es quitarle la carga de encima y simplificar el proceso de compra de una vivienda para [&hellip;]<\/p>\n","protected":false},"author":1,"featured_media":0,"parent":0,"menu_order":0,"comment_status":"closed","ping_status":"closed","template":"elementor_header_footer","meta":{"nf_dc_page":"","footnotes":""},"class_list":["post-765","page","type-page","status-publish","hentry"],"yoast_head":"<!-- This site is optimized with the Yoast SEO plugin v27.4 - https:\/\/yoast.com\/product\/yoast-seo-wordpress\/ -->\n<title>Agente de Real Estate para Compradores | Se Habla Espa\u00f1ol | Mapa Group Real Estate<\/title>\n<meta name=\"robots\" content=\"index, follow, max-snippet:-1, max-image-preview:large, max-video-preview:-1\" \/>\n<link rel=\"canonical\" href=\"https:\/\/mapagrouprealty.com\/es\/agente-de-real-estate-para-compradores-madison-wisconsin\/\" \/>\n<meta property=\"og:locale\" content=\"es_ES\" \/>\n<meta property=\"og:type\" content=\"article\" \/>\n<meta property=\"og:title\" content=\"Agente de Real Estate para Compradores | Se Habla Espa\u00f1ol | Mapa Group Real Estate\" \/>\n<meta property=\"og:description\" content=\"Cuando sea el momento de comprar una casa, estoy aqu\u00ed para ti Un Agente Del Comprador Que Lo Respaldar\u00e1 Entiendo que comprar una casa puede ser tan complicado y abrumador como emocionante. Como su agente de compras, mi objetivo es quitarle la carga de encima y simplificar el proceso de compra de una vivienda para [&hellip;]\" \/>\n<meta property=\"og:url\" content=\"https:\/\/mapagrouprealty.com\/es\/agente-de-real-estate-para-compradores-madison-wisconsin\/\" \/>\n<meta property=\"og:site_name\" content=\"Mapa Group Real Estate\" \/>\n<meta property=\"article:publisher\" content=\"https:\/\/www.facebook.com\/mapagrouprealestate\" \/>\n<meta property=\"article:modified_time\" content=\"2021-03-24T16:18:38+00:00\" \/>\n<meta name=\"twitter:card\" content=\"summary_large_image\" \/>\n<meta name=\"twitter:site\" content=\"@maparealestate\" \/>\n<meta name=\"twitter:label1\" content=\"Tiempo de lectura\" \/>\n\t<meta name=\"twitter:data1\" content=\"3 minutos\" \/>\n<script type=\"application\/ld+json\" class=\"yoast-schema-graph\">{\"@context\":\"https:\\\/\\\/schema.org\",\"@graph\":[{\"@type\":\"WebPage\",\"@id\":\"https:\\\/\\\/mapagrouprealty.com\\\/es\\\/agente-de-real-estate-para-compradores-madison-wisconsin\\\/\",\"url\":\"https:\\\/\\\/mapagrouprealty.com\\\/es\\\/agente-de-real-estate-para-compradores-madison-wisconsin\\\/\",\"name\":\"Agente de Real Estate para Compradores | Se Habla Espa\u00f1ol | Mapa Group Real Estate\",\"isPartOf\":{\"@id\":\"https:\\\/\\\/mapagrouprealty.com\\\/es\\\/#website\"},\"datePublished\":\"2020-12-16T20:03:37+00:00\",\"dateModified\":\"2021-03-24T16:18:38+00:00\",\"breadcrumb\":{\"@id\":\"https:\\\/\\\/mapagrouprealty.com\\\/es\\\/agente-de-real-estate-para-compradores-madison-wisconsin\\\/#breadcrumb\"},\"inLanguage\":\"es\",\"potentialAction\":[{\"@type\":\"ReadAction\",\"target\":[\"https:\\\/\\\/mapagrouprealty.com\\\/es\\\/agente-de-real-estate-para-compradores-madison-wisconsin\\\/\"]}]},{\"@type\":\"BreadcrumbList\",\"@id\":\"https:\\\/\\\/mapagrouprealty.com\\\/es\\\/agente-de-real-estate-para-compradores-madison-wisconsin\\\/#breadcrumb\",\"itemListElement\":[{\"@type\":\"ListItem\",\"position\":1,\"name\":\"Home\",\"item\":\"https:\\\/\\\/mapagrouprealty.com\\\/es\\\/\"},{\"@type\":\"ListItem\",\"position\":2,\"name\":\"Agente de Real Estate para Compradores\"}]},{\"@type\":\"WebSite\",\"@id\":\"https:\\\/\\\/mapagrouprealty.com\\\/es\\\/#website\",\"url\":\"https:\\\/\\\/mapagrouprealty.com\\\/es\\\/\",\"name\":\"Mapa Group Real Estate\",\"description\":\"\",\"publisher\":{\"@id\":\"https:\\\/\\\/mapagrouprealty.com\\\/es\\\/#organization\"},\"potentialAction\":[{\"@type\":\"SearchAction\",\"target\":{\"@type\":\"EntryPoint\",\"urlTemplate\":\"https:\\\/\\\/mapagrouprealty.com\\\/es\\\/?s={search_term_string}\"},\"query-input\":{\"@type\":\"PropertyValueSpecification\",\"valueRequired\":true,\"valueName\":\"search_term_string\"}}],\"inLanguage\":\"es\"},{\"@type\":\"Organization\",\"@id\":\"https:\\\/\\\/mapagrouprealty.com\\\/es\\\/#organization\",\"name\":\"Mapa Group Real Estate\",\"url\":\"https:\\\/\\\/mapagrouprealty.com\\\/es\\\/\",\"logo\":{\"@type\":\"ImageObject\",\"inLanguage\":\"es\",\"@id\":\"https:\\\/\\\/mapagrouprealty.com\\\/es\\\/#\\\/schema\\\/logo\\\/image\\\/\",\"url\":\"https:\\\/\\\/mapagrouprealty.com\\\/wp-content\\\/uploads\\\/2020\\\/10\\\/logomapagroup.png\",\"contentUrl\":\"https:\\\/\\\/mapagrouprealty.com\\\/wp-content\\\/uploads\\\/2020\\\/10\\\/logomapagroup.png\",\"width\":369,\"height\":151,\"caption\":\"Mapa Group Real Estate\"},\"image\":{\"@id\":\"https:\\\/\\\/mapagrouprealty.com\\\/es\\\/#\\\/schema\\\/logo\\\/image\\\/\"},\"sameAs\":[\"https:\\\/\\\/www.facebook.com\\\/mapagrouprealestate\",\"https:\\\/\\\/x.com\\\/maparealestate\"]}]}<\/script>\n<!-- \/ Yoast SEO plugin. -->","yoast_head_json":{"title":"Agente de Real Estate para Compradores | Se Habla Espa\u00f1ol | Mapa Group Real Estate","robots":{"index":"index","follow":"follow","max-snippet":"max-snippet:-1","max-image-preview":"max-image-preview:large","max-video-preview":"max-video-preview:-1"},"canonical":"https:\/\/mapagrouprealty.com\/es\/agente-de-real-estate-para-compradores-madison-wisconsin\/","og_locale":"es_ES","og_type":"article","og_title":"Agente de Real Estate para Compradores | Se Habla Espa\u00f1ol | Mapa Group Real Estate","og_description":"Cuando sea el momento de comprar una casa, estoy aqu\u00ed para ti Un Agente Del Comprador Que Lo Respaldar\u00e1 Entiendo que comprar una casa puede ser tan complicado y abrumador como emocionante. Como su agente de compras, mi objetivo es quitarle la carga de encima y simplificar el proceso de compra de una vivienda para [&hellip;]","og_url":"https:\/\/mapagrouprealty.com\/es\/agente-de-real-estate-para-compradores-madison-wisconsin\/","og_site_name":"Mapa Group Real Estate","article_publisher":"https:\/\/www.facebook.com\/mapagrouprealestate","article_modified_time":"2021-03-24T16:18:38+00:00","twitter_card":"summary_large_image","twitter_site":"@maparealestate","twitter_misc":{"Tiempo de lectura":"3 minutos"},"schema":{"@context":"https:\/\/schema.org","@graph":[{"@type":"WebPage","@id":"https:\/\/mapagrouprealty.com\/es\/agente-de-real-estate-para-compradores-madison-wisconsin\/","url":"https:\/\/mapagrouprealty.com\/es\/agente-de-real-estate-para-compradores-madison-wisconsin\/","name":"Agente de Real Estate para Compradores | Se Habla Espa\u00f1ol | Mapa Group Real Estate","isPartOf":{"@id":"https:\/\/mapagrouprealty.com\/es\/#website"},"datePublished":"2020-12-16T20:03:37+00:00","dateModified":"2021-03-24T16:18:38+00:00","breadcrumb":{"@id":"https:\/\/mapagrouprealty.com\/es\/agente-de-real-estate-para-compradores-madison-wisconsin\/#breadcrumb"},"inLanguage":"es","potentialAction":[{"@type":"ReadAction","target":["https:\/\/mapagrouprealty.com\/es\/agente-de-real-estate-para-compradores-madison-wisconsin\/"]}]},{"@type":"BreadcrumbList","@id":"https:\/\/mapagrouprealty.com\/es\/agente-de-real-estate-para-compradores-madison-wisconsin\/#breadcrumb","itemListElement":[{"@type":"ListItem","position":1,"name":"Home","item":"https:\/\/mapagrouprealty.com\/es\/"},{"@type":"ListItem","position":2,"name":"Agente de Real Estate para Compradores"}]},{"@type":"WebSite","@id":"https:\/\/mapagrouprealty.com\/es\/#website","url":"https:\/\/mapagrouprealty.com\/es\/","name":"Mapa Group Real Estate","description":"","publisher":{"@id":"https:\/\/mapagrouprealty.com\/es\/#organization"},"potentialAction":[{"@type":"SearchAction","target":{"@type":"EntryPoint","urlTemplate":"https:\/\/mapagrouprealty.com\/es\/?s={search_term_string}"},"query-input":{"@type":"PropertyValueSpecification","valueRequired":true,"valueName":"search_term_string"}}],"inLanguage":"es"},{"@type":"Organization","@id":"https:\/\/mapagrouprealty.com\/es\/#organization","name":"Mapa Group Real Estate","url":"https:\/\/mapagrouprealty.com\/es\/","logo":{"@type":"ImageObject","inLanguage":"es","@id":"https:\/\/mapagrouprealty.com\/es\/#\/schema\/logo\/image\/","url":"https:\/\/mapagrouprealty.com\/wp-content\/uploads\/2020\/10\/logomapagroup.png","contentUrl":"https:\/\/mapagrouprealty.com\/wp-content\/uploads\/2020\/10\/logomapagroup.png","width":369,"height":151,"caption":"Mapa Group Real Estate"},"image":{"@id":"https:\/\/mapagrouprealty.com\/es\/#\/schema\/logo\/image\/"},"sameAs":["https:\/\/www.facebook.com\/mapagrouprealestate","https:\/\/x.com\/maparealestate"]}]}},"_links":{"self":[{"href":"https:\/\/mapagrouprealty.com\/es\/wp-json\/wp\/v2\/pages\/765","targetHints":{"allow":["GET"]}}],"collection":[{"href":"https:\/\/mapagrouprealty.com\/es\/wp-json\/wp\/v2\/pages"}],"about":[{"href":"https:\/\/mapagrouprealty.com\/es\/wp-json\/wp\/v2\/types\/page"}],"author":[{"embeddable":true,"href":"https:\/\/mapagrouprealty.com\/es\/wp-json\/wp\/v2\/users\/1"}],"replies":[{"embeddable":true,"href":"https:\/\/mapagrouprealty.com\/es\/wp-json\/wp\/v2\/comments?post=765"}],"version-history":[{"count":16,"href":"https:\/\/mapagrouprealty.com\/es\/wp-json\/wp\/v2\/pages\/765\/revisions"}],"predecessor-version":[{"id":1106,"href":"https:\/\/mapagrouprealty.com\/es\/wp-json\/wp\/v2\/pages\/765\/revisions\/1106"}],"wp:attachment":[{"href":"https:\/\/mapagrouprealty.com\/es\/wp-json\/wp\/v2\/media?parent=765"}],"curies":[{"name":"wp","href":"https:\/\/api.w.org\/{rel}","templated":true}]}}