{"id":771,"date":"2020-12-16T14:34:00","date_gmt":"2020-12-16T20:34:00","guid":{"rendered":"https:\/\/mapagrouprealty.com\/?page_id=771"},"modified":"2021-03-24T11:54:45","modified_gmt":"2021-03-24T16:54:45","slug":"contactanos","status":"publish","type":"page","link":"https:\/\/mapagrouprealty.com\/es\/contactanos\/","title":{"rendered":"Cont\u00e1ctanos"},"content":{"rendered":"\t\t<div data-elementor-type=\"wp-page\" data-elementor-id=\"771\" class=\"elementor elementor-771\" data-elementor-post-type=\"page\">\n\t\t\t\t\t\t<section class=\"elementor-section elementor-top-section elementor-element elementor-element-f513449 elementor-section-height-min-height elementor-section-content-middle elementor-section-boxed elementor-section-height-default elementor-section-items-middle\" data-id=\"f513449\" data-element_type=\"section\" data-e-type=\"section\" data-settings=\"{&quot;background_background&quot;:&quot;classic&quot;}\">\n\t\t\t\t\t\t<div class=\"elementor-container elementor-column-gap-no\">\n\t\t\t\t\t<div class=\"elementor-column elementor-col-100 elementor-top-column elementor-element elementor-element-39721b1\" data-id=\"39721b1\" data-element_type=\"column\" data-e-type=\"column\">\n\t\t\t<div class=\"elementor-widget-wrap\">\n\t\t\t\t\t\t\t<\/div>\n\t\t<\/div>\n\t\t\t\t\t<\/div>\n\t\t<\/section>\n\t\t\t\t<section class=\"elementor-section elementor-top-section elementor-element elementor-element-edcaef0 elementor-section-boxed elementor-section-height-default elementor-section-height-default\" data-id=\"edcaef0\" data-element_type=\"section\" data-e-type=\"section\" data-settings=\"{&quot;background_background&quot;:&quot;classic&quot;}\">\n\t\t\t\t\t\t<div class=\"elementor-container elementor-column-gap-default\">\n\t\t\t\t\t<div class=\"elementor-column elementor-col-100 elementor-top-column elementor-element elementor-element-8690733\" data-id=\"8690733\" data-element_type=\"column\" data-e-type=\"column\">\n\t\t\t<div class=\"elementor-widget-wrap elementor-element-populated\">\n\t\t\t\t\t\t<section class=\"elementor-section elementor-inner-section elementor-element elementor-element-22b3b12 elementor-section-boxed elementor-section-height-default elementor-section-height-default\" data-id=\"22b3b12\" data-element_type=\"section\" data-e-type=\"section\">\n\t\t\t\t\t\t<div class=\"elementor-container elementor-column-gap-default\">\n\t\t\t\t\t<div class=\"elementor-column elementor-col-100 elementor-inner-column elementor-element elementor-element-b786968\" data-id=\"b786968\" data-element_type=\"column\" data-e-type=\"column\">\n\t\t\t<div class=\"elementor-widget-wrap elementor-element-populated\">\n\t\t\t\t\t\t<div class=\"elementor-element elementor-element-6cfe096 elementor-widget elementor-widget-heading\" data-id=\"6cfe096\" data-element_type=\"widget\" data-e-type=\"widget\" data-widget_type=\"heading.default\">\n\t\t\t\t<div class=\"elementor-widget-container\">\n\t\t\t\t\t<h1 class=\"elementor-heading-title elementor-size-default\">P\u00f3ngase en Contacto Con Nosotros<\/h1>\t\t\t\t<\/div>\n\t\t\t\t<\/div>\n\t\t\t\t\t<\/div>\n\t\t<\/div>\n\t\t\t\t\t<\/div>\n\t\t<\/section>\n\t\t\t\t<section class=\"elementor-section elementor-inner-section elementor-element elementor-element-9d8c077 elementor-section-boxed elementor-section-height-default elementor-section-height-default\" data-id=\"9d8c077\" data-element_type=\"section\" data-e-type=\"section\">\n\t\t\t\t\t\t<div class=\"elementor-container elementor-column-gap-default\">\n\t\t\t\t\t<div class=\"elementor-column elementor-col-100 elementor-inner-column elementor-element elementor-element-3384d68\" data-id=\"3384d68\" data-element_type=\"column\" data-e-type=\"column\">\n\t\t\t<div class=\"elementor-widget-wrap elementor-element-populated\">\n\t\t\t\t\t\t<div class=\"elementor-element elementor-element-cfc99a2 p-custom elementor-widget elementor-widget-text-editor\" data-id=\"cfc99a2\" data-element_type=\"widget\" data-e-type=\"widget\" data-widget_type=\"text-editor.default\">\n\t\t\t\t<div class=\"elementor-widget-container\">\n\t\t\t\t\t\t\t\t\t<p>\u00bfEst\u00e1 pensando en comprar, vender o invertir en bienes ra\u00edces? \u00bfSe pregunta si es un buen momento para comprar en el \u00e1rea de Madison? \u00bfTienes curiosidad por el valor actual de tu casa? \u00a1Nos encantar\u00eda ayudar! Env\u00edenos sus preguntas, sin compromiso.<\/p><p>Se habla espa\u00f1ol.<\/p>\t\t\t\t\t\t\t\t<\/div>\n\t\t\t\t<\/div>\n\t\t\t\t\t<\/div>\n\t\t<\/div>\n\t\t\t\t\t<\/div>\n\t\t<\/section>\n\t\t\t\t<section class=\"elementor-section elementor-inner-section elementor-element elementor-element-2bc49d8 elementor-section-boxed elementor-section-height-default elementor-section-height-default\" data-id=\"2bc49d8\" data-element_type=\"section\" data-e-type=\"section\">\n\t\t\t\t\t\t<div class=\"elementor-container elementor-column-gap-default\">\n\t\t\t\t\t<div class=\"elementor-column elementor-col-100 elementor-inner-column elementor-element elementor-element-2c65c8c\" data-id=\"2c65c8c\" data-element_type=\"column\" data-e-type=\"column\">\n\t\t\t<div class=\"elementor-widget-wrap elementor-element-populated\">\n\t\t\t\t\t\t<div class=\"elementor-element elementor-element-cb91a49 custom-form elementor-button-align-stretch elementor-widget elementor-widget-form\" data-id=\"cb91a49\" data-element_type=\"widget\" data-e-type=\"widget\" data-settings=\"{&quot;step_next_label&quot;:&quot;Next&quot;,&quot;step_previous_label&quot;:&quot;Previous&quot;,&quot;button_width&quot;:&quot;100&quot;,&quot;step_type&quot;:&quot;number_text&quot;,&quot;step_icon_shape&quot;:&quot;circle&quot;}\" data-widget_type=\"form.default\">\n\t\t\t\t<div class=\"elementor-widget-container\">\n\t\t\t\t\t\t\t<form class=\"elementor-form\" method=\"post\" name=\"Have a Questions\" aria-label=\"Have a Questions\">\n\t\t\t<input type=\"hidden\" name=\"post_id\" value=\"771\"\/>\n\t\t\t<input type=\"hidden\" name=\"form_id\" value=\"cb91a49\"\/>\n\t\t\t<input type=\"hidden\" name=\"referer_title\" value=\"Cont\u00e1ctanos | Se Habla Espa\u00f1ol | Mapa Group Real Estate\" \/>\n\n\t\t\t\t\t\t\t<input type=\"hidden\" name=\"queried_id\" value=\"771\"\/>\n\t\t\t\n\t\t\t<div class=\"elementor-form-fields-wrapper elementor-labels-above\">\n\t\t\t\t\t\t\t\t<div class=\"elementor-field-type-text elementor-field-group elementor-column elementor-field-group-name elementor-col-100 elementor-field-required elementor-mark-required\">\n\t\t\t\t\t\t\t\t\t\t\t\t<label for=\"form-field-name\" class=\"elementor-field-label\">\n\t\t\t\t\t\t\t\tNombre\t\t\t\t\t\t\t<\/label>\n\t\t\t\t\t\t\t\t\t\t\t\t\t\t<input size=\"1\" type=\"text\" name=\"form_fields[name]\" id=\"form-field-name\" class=\"elementor-field elementor-size-sm  elementor-field-textual\" placeholder=\"Your Name\" required=\"required\">\n\t\t\t\t\t\t\t\t\t\t\t<\/div>\n\t\t\t\t\t\t\t\t<div class=\"elementor-field-type-tel elementor-field-group elementor-column elementor-field-group-field_ff2dc57 elementor-col-100 elementor-field-required elementor-mark-required\">\n\t\t\t\t\t\t\t\t\t\t\t\t<label for=\"form-field-field_ff2dc57\" class=\"elementor-field-label\">\n\t\t\t\t\t\t\t\tnumero telefonico\t\t\t\t\t\t\t<\/label>\n\t\t\t\t\t\t\t\t<input size=\"1\" type=\"tel\" name=\"form_fields[field_ff2dc57]\" id=\"form-field-field_ff2dc57\" class=\"elementor-field elementor-size-sm  elementor-field-textual\" placeholder=\"999.999.999\" required=\"required\" pattern=\"[0-9()#&amp;+*-=.]+\" title=\"Solo se aceptan n\u00fameros y caracteres de tel\u00e9fono (#,-,*,etc).\">\n\n\t\t\t\t\t\t<\/div>\n\t\t\t\t\t\t\t\t<div class=\"elementor-field-type-email elementor-field-group elementor-column elementor-field-group-email elementor-col-100 elementor-field-required elementor-mark-required\">\n\t\t\t\t\t\t\t\t\t\t\t\t<label for=\"form-field-email\" class=\"elementor-field-label\">\n\t\t\t\t\t\t\t\tE-mail\t\t\t\t\t\t\t<\/label>\n\t\t\t\t\t\t\t\t\t\t\t\t\t\t<input size=\"1\" type=\"email\" name=\"form_fields[email]\" id=\"form-field-email\" class=\"elementor-field elementor-size-sm  elementor-field-textual\" placeholder=\"Your e-mail\" required=\"required\">\n\t\t\t\t\t\t\t\t\t\t\t<\/div>\n\t\t\t\t\t\t\t\t<div class=\"elementor-field-type-radio elementor-field-group elementor-column elementor-field-group-field_cc9a976 elementor-col-100\">\n\t\t\t\t\t\t\t\t\t\t\t\t<label for=\"form-field-field_cc9a976\" class=\"elementor-field-label\">\n\t\t\t\t\t\t\t\t\u00bfC\u00f3mo prefiere que nos comuniquemos?\t\t\t\t\t\t\t<\/label>\n\t\t\t\t\t\t<div class=\"elementor-field-subgroup  \"><span class=\"elementor-field-option\"><input type=\"radio\" value=\"Llamada\" id=\"form-field-field_cc9a976-0\" name=\"form_fields[field_cc9a976]\"> <label for=\"form-field-field_cc9a976-0\">Llamada<\/label><\/span><span class=\"elementor-field-option\"><input type=\"radio\" value=\"E-mail\" id=\"form-field-field_cc9a976-1\" name=\"form_fields[field_cc9a976]\"> <label for=\"form-field-field_cc9a976-1\">E-mail<\/label><\/span><span class=\"elementor-field-option\"><input type=\"radio\" value=\"Mensaje de Texto\" id=\"form-field-field_cc9a976-2\" name=\"form_fields[field_cc9a976]\"> <label for=\"form-field-field_cc9a976-2\">Mensaje de Texto<\/label><\/span><\/div>\t\t\t\t<\/div>\n\t\t\t\t\t\t\t\t<div class=\"elementor-field-type-textarea elementor-field-group elementor-column elementor-field-group-message elementor-col-100\">\n\t\t\t\t\t\t\t\t\t\t\t\t<label for=\"form-field-message\" class=\"elementor-field-label\">\n\t\t\t\t\t\t\t\t\u00bfC\u00f3mo podemos ayudarle?\t\t\t\t\t\t\t<\/label>\n\t\t\t\t\t\t<textarea class=\"elementor-field-textual elementor-field  elementor-size-sm\" name=\"form_fields[message]\" id=\"form-field-message\" rows=\"2\"><\/textarea>\t\t\t\t<\/div>\n\t\t\t\t\t\t\t\t<div class=\"elementor-field-group elementor-column elementor-field-type-submit elementor-col-100 e-form__buttons\">\n\t\t\t\t\t<button class=\"elementor-button elementor-size-lg\" type=\"submit\">\n\t\t\t\t\t\t<span class=\"elementor-button-content-wrapper\">\n\t\t\t\t\t\t\t\t\t\t\t\t\t\t\t\t\t\t\t\t\t\t<span class=\"elementor-button-text\">Enviar<\/span>\n\t\t\t\t\t\t\t\t\t\t\t\t\t<\/span>\n\t\t\t\t\t<\/button>\n\t\t\t\t<\/div>\n\t\t\t<\/div>\n\t\t<\/form>\n\t\t\t\t\t\t<\/div>\n\t\t\t\t<\/div>\n\t\t\t\t\t<\/div>\n\t\t<\/div>\n\t\t\t\t\t<\/div>\n\t\t<\/section>\n\t\t\t\t\t<\/div>\n\t\t<\/div>\n\t\t\t\t\t<\/div>\n\t\t<\/section>\n\t\t\t\t<\/div>\n\t\t","protected":false},"excerpt":{"rendered":"<p>P\u00f3ngase en Contacto Con Nosotros \u00bfEst\u00e1 pensando en comprar, vender o invertir en bienes ra\u00edces? \u00bfSe pregunta si es un buen momento para comprar en el \u00e1rea de Madison? \u00bfTienes curiosidad por el valor actual de tu casa? \u00a1Nos encantar\u00eda ayudar! Env\u00edenos sus preguntas, sin compromiso. Se habla espa\u00f1ol.<\/p>\n","protected":false},"author":1,"featured_media":0,"parent":0,"menu_order":0,"comment_status":"closed","ping_status":"closed","template":"elementor_header_footer","meta":{"nf_dc_page":"","footnotes":""},"class_list":["post-771","page","type-page","status-publish","hentry"],"yoast_head":"<!-- This site is optimized with the Yoast SEO plugin v27.4 - https:\/\/yoast.com\/product\/yoast-seo-wordpress\/ -->\n<title>Cont\u00e1ctanos | Se Habla Espa\u00f1ol | Mapa Group Real Estate<\/title>\n<meta name=\"robots\" content=\"index, follow, max-snippet:-1, max-image-preview:large, max-video-preview:-1\" \/>\n<link rel=\"canonical\" href=\"https:\/\/mapagrouprealty.com\/es\/contactanos\/\" \/>\n<meta property=\"og:locale\" content=\"es_ES\" \/>\n<meta property=\"og:type\" content=\"article\" \/>\n<meta property=\"og:title\" content=\"Cont\u00e1ctanos | Se Habla Espa\u00f1ol | Mapa Group Real Estate\" \/>\n<meta property=\"og:description\" content=\"P\u00f3ngase en Contacto Con Nosotros \u00bfEst\u00e1 pensando en comprar, vender o invertir en bienes ra\u00edces? \u00bfSe pregunta si es un buen momento para comprar en el \u00e1rea de Madison? \u00bfTienes curiosidad por el valor actual de tu casa? \u00a1Nos encantar\u00eda ayudar! Env\u00edenos sus preguntas, sin compromiso. Se habla espa\u00f1ol.\" \/>\n<meta property=\"og:url\" content=\"https:\/\/mapagrouprealty.com\/es\/contactanos\/\" \/>\n<meta property=\"og:site_name\" content=\"Mapa Group Real Estate\" \/>\n<meta property=\"article:publisher\" content=\"https:\/\/www.facebook.com\/mapagrouprealestate\" \/>\n<meta property=\"article:modified_time\" content=\"2021-03-24T16:54:45+00:00\" \/>\n<meta name=\"twitter:card\" content=\"summary_large_image\" \/>\n<meta name=\"twitter:site\" content=\"@maparealestate\" \/>\n<script type=\"application\/ld+json\" class=\"yoast-schema-graph\">{\"@context\":\"https:\\\/\\\/schema.org\",\"@graph\":[{\"@type\":\"WebPage\",\"@id\":\"https:\\\/\\\/mapagrouprealty.com\\\/es\\\/contactanos\\\/\",\"url\":\"https:\\\/\\\/mapagrouprealty.com\\\/es\\\/contactanos\\\/\",\"name\":\"Cont\u00e1ctanos | Se Habla Espa\u00f1ol | Mapa Group Real Estate\",\"isPartOf\":{\"@id\":\"https:\\\/\\\/mapagrouprealty.com\\\/es\\\/#website\"},\"datePublished\":\"2020-12-16T20:34:00+00:00\",\"dateModified\":\"2021-03-24T16:54:45+00:00\",\"breadcrumb\":{\"@id\":\"https:\\\/\\\/mapagrouprealty.com\\\/es\\\/contactanos\\\/#breadcrumb\"},\"inLanguage\":\"es\",\"potentialAction\":[{\"@type\":\"ReadAction\",\"target\":[\"https:\\\/\\\/mapagrouprealty.com\\\/es\\\/contactanos\\\/\"]}]},{\"@type\":\"BreadcrumbList\",\"@id\":\"https:\\\/\\\/mapagrouprealty.com\\\/es\\\/contactanos\\\/#breadcrumb\",\"itemListElement\":[{\"@type\":\"ListItem\",\"position\":1,\"name\":\"Home\",\"item\":\"https:\\\/\\\/mapagrouprealty.com\\\/es\\\/\"},{\"@type\":\"ListItem\",\"position\":2,\"name\":\"Cont\u00e1ctanos\"}]},{\"@type\":\"WebSite\",\"@id\":\"https:\\\/\\\/mapagrouprealty.com\\\/es\\\/#website\",\"url\":\"https:\\\/\\\/mapagrouprealty.com\\\/es\\\/\",\"name\":\"Mapa Group Real Estate\",\"description\":\"\",\"publisher\":{\"@id\":\"https:\\\/\\\/mapagrouprealty.com\\\/es\\\/#organization\"},\"potentialAction\":[{\"@type\":\"SearchAction\",\"target\":{\"@type\":\"EntryPoint\",\"urlTemplate\":\"https:\\\/\\\/mapagrouprealty.com\\\/es\\\/?s={search_term_string}\"},\"query-input\":{\"@type\":\"PropertyValueSpecification\",\"valueRequired\":true,\"valueName\":\"search_term_string\"}}],\"inLanguage\":\"es\"},{\"@type\":\"Organization\",\"@id\":\"https:\\\/\\\/mapagrouprealty.com\\\/es\\\/#organization\",\"name\":\"Mapa Group Real Estate\",\"url\":\"https:\\\/\\\/mapagrouprealty.com\\\/es\\\/\",\"logo\":{\"@type\":\"ImageObject\",\"inLanguage\":\"es\",\"@id\":\"https:\\\/\\\/mapagrouprealty.com\\\/es\\\/#\\\/schema\\\/logo\\\/image\\\/\",\"url\":\"https:\\\/\\\/mapagrouprealty.com\\\/wp-content\\\/uploads\\\/2020\\\/10\\\/logomapagroup.png\",\"contentUrl\":\"https:\\\/\\\/mapagrouprealty.com\\\/wp-content\\\/uploads\\\/2020\\\/10\\\/logomapagroup.png\",\"width\":369,\"height\":151,\"caption\":\"Mapa Group Real Estate\"},\"image\":{\"@id\":\"https:\\\/\\\/mapagrouprealty.com\\\/es\\\/#\\\/schema\\\/logo\\\/image\\\/\"},\"sameAs\":[\"https:\\\/\\\/www.facebook.com\\\/mapagrouprealestate\",\"https:\\\/\\\/x.com\\\/maparealestate\"]}]}<\/script>\n<!-- \/ Yoast SEO plugin. -->","yoast_head_json":{"title":"Cont\u00e1ctanos | Se Habla Espa\u00f1ol | Mapa Group Real Estate","robots":{"index":"index","follow":"follow","max-snippet":"max-snippet:-1","max-image-preview":"max-image-preview:large","max-video-preview":"max-video-preview:-1"},"canonical":"https:\/\/mapagrouprealty.com\/es\/contactanos\/","og_locale":"es_ES","og_type":"article","og_title":"Cont\u00e1ctanos | Se Habla Espa\u00f1ol | Mapa Group Real Estate","og_description":"P\u00f3ngase en Contacto Con Nosotros \u00bfEst\u00e1 pensando en comprar, vender o invertir en bienes ra\u00edces? \u00bfSe pregunta si es un buen momento para comprar en el \u00e1rea de Madison? \u00bfTienes curiosidad por el valor actual de tu casa? \u00a1Nos encantar\u00eda ayudar! Env\u00edenos sus preguntas, sin compromiso. Se habla espa\u00f1ol.","og_url":"https:\/\/mapagrouprealty.com\/es\/contactanos\/","og_site_name":"Mapa Group Real Estate","article_publisher":"https:\/\/www.facebook.com\/mapagrouprealestate","article_modified_time":"2021-03-24T16:54:45+00:00","twitter_card":"summary_large_image","twitter_site":"@maparealestate","schema":{"@context":"https:\/\/schema.org","@graph":[{"@type":"WebPage","@id":"https:\/\/mapagrouprealty.com\/es\/contactanos\/","url":"https:\/\/mapagrouprealty.com\/es\/contactanos\/","name":"Cont\u00e1ctanos | Se Habla Espa\u00f1ol | Mapa Group Real Estate","isPartOf":{"@id":"https:\/\/mapagrouprealty.com\/es\/#website"},"datePublished":"2020-12-16T20:34:00+00:00","dateModified":"2021-03-24T16:54:45+00:00","breadcrumb":{"@id":"https:\/\/mapagrouprealty.com\/es\/contactanos\/#breadcrumb"},"inLanguage":"es","potentialAction":[{"@type":"ReadAction","target":["https:\/\/mapagrouprealty.com\/es\/contactanos\/"]}]},{"@type":"BreadcrumbList","@id":"https:\/\/mapagrouprealty.com\/es\/contactanos\/#breadcrumb","itemListElement":[{"@type":"ListItem","position":1,"name":"Home","item":"https:\/\/mapagrouprealty.com\/es\/"},{"@type":"ListItem","position":2,"name":"Cont\u00e1ctanos"}]},{"@type":"WebSite","@id":"https:\/\/mapagrouprealty.com\/es\/#website","url":"https:\/\/mapagrouprealty.com\/es\/","name":"Mapa Group Real Estate","description":"","publisher":{"@id":"https:\/\/mapagrouprealty.com\/es\/#organization"},"potentialAction":[{"@type":"SearchAction","target":{"@type":"EntryPoint","urlTemplate":"https:\/\/mapagrouprealty.com\/es\/?s={search_term_string}"},"query-input":{"@type":"PropertyValueSpecification","valueRequired":true,"valueName":"search_term_string"}}],"inLanguage":"es"},{"@type":"Organization","@id":"https:\/\/mapagrouprealty.com\/es\/#organization","name":"Mapa Group Real Estate","url":"https:\/\/mapagrouprealty.com\/es\/","logo":{"@type":"ImageObject","inLanguage":"es","@id":"https:\/\/mapagrouprealty.com\/es\/#\/schema\/logo\/image\/","url":"https:\/\/mapagrouprealty.com\/wp-content\/uploads\/2020\/10\/logomapagroup.png","contentUrl":"https:\/\/mapagrouprealty.com\/wp-content\/uploads\/2020\/10\/logomapagroup.png","width":369,"height":151,"caption":"Mapa Group Real Estate"},"image":{"@id":"https:\/\/mapagrouprealty.com\/es\/#\/schema\/logo\/image\/"},"sameAs":["https:\/\/www.facebook.com\/mapagrouprealestate","https:\/\/x.com\/maparealestate"]}]}},"_links":{"self":[{"href":"https:\/\/mapagrouprealty.com\/es\/wp-json\/wp\/v2\/pages\/771","targetHints":{"allow":["GET"]}}],"collection":[{"href":"https:\/\/mapagrouprealty.com\/es\/wp-json\/wp\/v2\/pages"}],"about":[{"href":"https:\/\/mapagrouprealty.com\/es\/wp-json\/wp\/v2\/types\/page"}],"author":[{"embeddable":true,"href":"https:\/\/mapagrouprealty.com\/es\/wp-json\/wp\/v2\/users\/1"}],"replies":[{"embeddable":true,"href":"https:\/\/mapagrouprealty.com\/es\/wp-json\/wp\/v2\/comments?post=771"}],"version-history":[{"count":9,"href":"https:\/\/mapagrouprealty.com\/es\/wp-json\/wp\/v2\/pages\/771\/revisions"}],"predecessor-version":[{"id":1125,"href":"https:\/\/mapagrouprealty.com\/es\/wp-json\/wp\/v2\/pages\/771\/revisions\/1125"}],"wp:attachment":[{"href":"https:\/\/mapagrouprealty.com\/es\/wp-json\/wp\/v2\/media?parent=771"}],"curies":[{"name":"wp","href":"https:\/\/api.w.org\/{rel}","templated":true}]}}