{"id":822,"date":"2020-12-16T18:16:44","date_gmt":"2020-12-17T00:16:44","guid":{"rendered":"https:\/\/mapagrouprealty.com\/?page_id=822"},"modified":"2021-03-03T16:01:00","modified_gmt":"2021-03-03T22:01:00","slug":"testimonios-de-clientes-madison-wisconsin","status":"publish","type":"page","link":"https:\/\/mapagrouprealty.com\/es\/testimonios-de-clientes-madison-wisconsin\/","title":{"rendered":"Testimonios de Clientes"},"content":{"rendered":"\t\t<div data-elementor-type=\"wp-page\" data-elementor-id=\"822\" class=\"elementor elementor-822\" data-elementor-post-type=\"page\">\n\t\t\t\t\t\t<section class=\"elementor-section elementor-top-section elementor-element elementor-element-b40a407 elementor-section-height-min-height elementor-section-content-middle elementor-section-boxed elementor-section-height-default elementor-section-items-middle\" data-id=\"b40a407\" data-element_type=\"section\" data-e-type=\"section\" data-settings=\"{&quot;background_background&quot;:&quot;classic&quot;}\">\n\t\t\t\t\t\t<div class=\"elementor-container elementor-column-gap-no\">\n\t\t\t\t\t<div class=\"elementor-column elementor-col-100 elementor-top-column elementor-element elementor-element-0e3e862\" data-id=\"0e3e862\" data-element_type=\"column\" data-e-type=\"column\">\n\t\t\t<div class=\"elementor-widget-wrap\">\n\t\t\t\t\t\t\t<\/div>\n\t\t<\/div>\n\t\t\t\t\t<\/div>\n\t\t<\/section>\n\t\t\t\t<section class=\"elementor-section elementor-top-section elementor-element elementor-element-1ad840b elementor-section-boxed elementor-section-height-default elementor-section-height-default\" data-id=\"1ad840b\" data-element_type=\"section\" data-e-type=\"section\">\n\t\t\t\t\t\t<div class=\"elementor-container elementor-column-gap-default\">\n\t\t\t\t\t<div class=\"elementor-column elementor-col-100 elementor-top-column elementor-element elementor-element-d03e892\" data-id=\"d03e892\" data-element_type=\"column\" data-e-type=\"column\">\n\t\t\t<div class=\"elementor-widget-wrap elementor-element-populated\">\n\t\t\t\t\t\t<section class=\"elementor-section elementor-inner-section elementor-element elementor-element-d7e03c0 elementor-section-boxed elementor-section-height-default elementor-section-height-default\" data-id=\"d7e03c0\" data-element_type=\"section\" data-e-type=\"section\">\n\t\t\t\t\t\t<div class=\"elementor-container elementor-column-gap-default\">\n\t\t\t\t\t<div class=\"elementor-column elementor-col-100 elementor-inner-column elementor-element elementor-element-c17358d\" data-id=\"c17358d\" data-element_type=\"column\" data-e-type=\"column\">\n\t\t\t<div class=\"elementor-widget-wrap elementor-element-populated\">\n\t\t\t\t\t\t<div class=\"elementor-element elementor-element-e137290 elementor-widget elementor-widget-heading\" data-id=\"e137290\" data-element_type=\"widget\" data-e-type=\"widget\" data-widget_type=\"heading.default\">\n\t\t\t\t<div class=\"elementor-widget-container\">\n\t\t\t\t\t<h1 class=\"elementor-heading-title elementor-size-default\">Testimonios de Clientes<\/h1>\t\t\t\t<\/div>\n\t\t\t\t<\/div>\n\t\t\t\t<div class=\"elementor-element elementor-element-b64b28d elementor-widget elementor-widget-text-editor\" data-id=\"b64b28d\" data-element_type=\"widget\" data-e-type=\"widget\" data-widget_type=\"text-editor.default\">\n\t\t\t\t<div class=\"elementor-widget-container\">\n\t\t\t\t\t\t\t\t\t<p>Nuestro objetivo # 1 es brindar a todos y cada uno de nuestros clientes la mejor experiencia inmobiliaria. \u00a1Nuestra dedicaci\u00f3n, atenci\u00f3n al detalle, habilidades de negociaci\u00f3n y capacidad para escuchar sus necesidades no pasan desapercibidas! Vea lo que han dicho clientes anteriores sobre la compra o venta de propiedades con nosotros.<\/p>\t\t\t\t\t\t\t\t<\/div>\n\t\t\t\t<\/div>\n\t\t\t\t\t<\/div>\n\t\t<\/div>\n\t\t\t\t\t<\/div>\n\t\t<\/section>\n\t\t\t\t<section class=\"elementor-section elementor-inner-section elementor-element elementor-element-ba4ef5d elementor-section-boxed elementor-section-height-default elementor-section-height-default\" data-id=\"ba4ef5d\" data-element_type=\"section\" data-e-type=\"section\">\n\t\t\t\t\t\t<div class=\"elementor-container elementor-column-gap-default\">\n\t\t\t\t\t<div class=\"elementor-column elementor-col-100 elementor-inner-column elementor-element elementor-element-44bf825\" data-id=\"44bf825\" data-element_type=\"column\" data-e-type=\"column\" data-settings=\"{&quot;background_background&quot;:&quot;classic&quot;}\">\n\t\t\t<div class=\"elementor-widget-wrap elementor-element-populated\">\n\t\t\t\t\t\t<div class=\"elementor-element elementor-element-7a9353e elementor-widget elementor-widget-heading\" data-id=\"7a9353e\" data-element_type=\"widget\" data-e-type=\"widget\" data-widget_type=\"heading.default\">\n\t\t\t\t<div class=\"elementor-widget-container\">\n\t\t\t\t\t<h4 class=\"elementor-heading-title elementor-size-default\">Enoch M.<\/h4>\t\t\t\t<\/div>\n\t\t\t\t<\/div>\n\t\t\t\t<div class=\"elementor-element elementor-element-0621842 elementor-widget elementor-widget-heading\" data-id=\"0621842\" data-element_type=\"widget\" data-e-type=\"widget\" data-widget_type=\"heading.default\">\n\t\t\t\t<div class=\"elementor-widget-container\">\n\t\t\t\t\t<p class=\"elementor-heading-title elementor-size-default\">Madison, Wisconsin<\/p>\t\t\t\t<\/div>\n\t\t\t\t<\/div>\n\t\t\t\t<div class=\"elementor-element elementor-element-93f618d elementor-star-rating--align-center elementor--star-style-star_fontawesome elementor-widget elementor-widget-star-rating\" data-id=\"93f618d\" data-element_type=\"widget\" data-e-type=\"widget\" data-widget_type=\"star-rating.default\">\n\t\t\t\t<div class=\"elementor-widget-container\">\n\t\t\t\t\t\t\t<div class=\"elementor-star-rating__wrapper\">\n\t\t\t\t\t\t<div class=\"elementor-star-rating\" itemtype=\"http:\/\/schema.org\/Rating\" itemscope=\"\" itemprop=\"reviewRating\">\n\t\t\t\t<i class=\"elementor-star-full\" aria-hidden=\"true\">&#xE934;<\/i><i class=\"elementor-star-full\" aria-hidden=\"true\">&#xE934;<\/i><i class=\"elementor-star-full\" aria-hidden=\"true\">&#xE934;<\/i><i class=\"elementor-star-full\" aria-hidden=\"true\">&#xE934;<\/i><i class=\"elementor-star-full\" aria-hidden=\"true\">&#xE934;<\/i>\t\t\t\t<span itemprop=\"ratingValue\" class=\"elementor-screen-only\">Valorado con 5 de 5<\/span>\n\t\t\t<\/div>\n\t\t<\/div>\n\t\t\t\t\t\t<\/div>\n\t\t\t\t<\/div>\n\t\t\t\t<div class=\"elementor-element elementor-element-55600f5 p-custom elementor-widget elementor-widget-text-editor\" data-id=\"55600f5\" data-element_type=\"widget\" data-e-type=\"widget\" data-widget_type=\"text-editor.default\">\n\t\t\t\t<div class=\"elementor-widget-container\">\n\t\t\t\t\t\t\t\t\t<p>Como comprador de mi primera propiedad, ten\u00eda mucho miedo y preguntas sobre el proceso de encontrar mi primera casa.\u00a0 Afortunadamente Javier Neira estuvo ah\u00ed no solo para ayudarme sino tambi\u00e9n para guiarme y ayudarme a entender todo el proceso de compra (closing process) Con el conocimiento que el tiene el me ayudo a encontrar el lugar perfecto para m\u00ed. Javier hizo que un proceso que normalmente es complicado y estresante se convirtiera en un experiencia f\u00e1cil y emocionante. Gracia a la experiencia, profesionalismo y paciencia de Javier Neira pude encontrar la perfecta casa para m\u00ed en cuesti\u00f3n de semana. Fue un gran honor haber trabajado con tan incre\u00edble agente de bienes raices.<\/p>\t\t\t\t\t\t\t\t<\/div>\n\t\t\t\t<\/div>\n\t\t\t\t\t<\/div>\n\t\t<\/div>\n\t\t\t\t\t<\/div>\n\t\t<\/section>\n\t\t\t\t\t<\/div>\n\t\t<\/div>\n\t\t\t\t\t<\/div>\n\t\t<\/section>\n\t\t\t\t<\/div>\n\t\t","protected":false},"excerpt":{"rendered":"<p>Testimonios de Clientes Nuestro objetivo # 1 es brindar a todos y cada uno de nuestros clientes la mejor experiencia inmobiliaria. \u00a1Nuestra dedicaci\u00f3n, atenci\u00f3n al detalle, habilidades de negociaci\u00f3n y capacidad para escuchar sus necesidades no pasan desapercibidas! Vea lo que han dicho clientes anteriores sobre la compra o venta de propiedades con nosotros. Enoch [&hellip;]<\/p>\n","protected":false},"author":1,"featured_media":0,"parent":0,"menu_order":0,"comment_status":"closed","ping_status":"closed","template":"elementor_header_footer","meta":{"nf_dc_page":"","footnotes":""},"class_list":["post-822","page","type-page","status-publish","hentry"],"yoast_head":"<!-- This site is optimized with the Yoast SEO plugin v27.4 - https:\/\/yoast.com\/product\/yoast-seo-wordpress\/ -->\n<title>Testimonios de Clientes | Se Habla Espa\u00f1ol | Mapa Group Real Estate<\/title>\n<meta name=\"robots\" content=\"index, follow, max-snippet:-1, max-image-preview:large, max-video-preview:-1\" \/>\n<link rel=\"canonical\" href=\"https:\/\/mapagrouprealty.com\/es\/testimonios-de-clientes-madison-wisconsin\/\" \/>\n<meta property=\"og:locale\" content=\"es_ES\" \/>\n<meta property=\"og:type\" content=\"article\" \/>\n<meta property=\"og:title\" content=\"Testimonios de Clientes | Se Habla Espa\u00f1ol | Mapa Group Real Estate\" \/>\n<meta property=\"og:description\" content=\"Testimonios de Clientes Nuestro objetivo # 1 es brindar a todos y cada uno de nuestros clientes la mejor experiencia inmobiliaria. \u00a1Nuestra dedicaci\u00f3n, atenci\u00f3n al detalle, habilidades de negociaci\u00f3n y capacidad para escuchar sus necesidades no pasan desapercibidas! Vea lo que han dicho clientes anteriores sobre la compra o venta de propiedades con nosotros. Enoch [&hellip;]\" \/>\n<meta property=\"og:url\" content=\"https:\/\/mapagrouprealty.com\/es\/testimonios-de-clientes-madison-wisconsin\/\" \/>\n<meta property=\"og:site_name\" content=\"Mapa Group Real Estate\" \/>\n<meta property=\"article:publisher\" content=\"https:\/\/www.facebook.com\/mapagrouprealestate\" \/>\n<meta property=\"article:modified_time\" content=\"2021-03-03T22:01:00+00:00\" \/>\n<meta name=\"twitter:card\" content=\"summary_large_image\" \/>\n<meta name=\"twitter:site\" content=\"@maparealestate\" \/>\n<meta name=\"twitter:label1\" content=\"Tiempo de lectura\" \/>\n\t<meta name=\"twitter:data1\" content=\"1 minuto\" \/>\n<script type=\"application\/ld+json\" class=\"yoast-schema-graph\">{\"@context\":\"https:\\\/\\\/schema.org\",\"@graph\":[{\"@type\":\"WebPage\",\"@id\":\"https:\\\/\\\/mapagrouprealty.com\\\/es\\\/testimonios-de-clientes-madison-wisconsin\\\/\",\"url\":\"https:\\\/\\\/mapagrouprealty.com\\\/es\\\/testimonios-de-clientes-madison-wisconsin\\\/\",\"name\":\"Testimonios de Clientes | Se Habla Espa\u00f1ol | Mapa Group Real Estate\",\"isPartOf\":{\"@id\":\"https:\\\/\\\/mapagrouprealty.com\\\/es\\\/#website\"},\"datePublished\":\"2020-12-17T00:16:44+00:00\",\"dateModified\":\"2021-03-03T22:01:00+00:00\",\"breadcrumb\":{\"@id\":\"https:\\\/\\\/mapagrouprealty.com\\\/es\\\/testimonios-de-clientes-madison-wisconsin\\\/#breadcrumb\"},\"inLanguage\":\"es\",\"potentialAction\":[{\"@type\":\"ReadAction\",\"target\":[\"https:\\\/\\\/mapagrouprealty.com\\\/es\\\/testimonios-de-clientes-madison-wisconsin\\\/\"]}]},{\"@type\":\"BreadcrumbList\",\"@id\":\"https:\\\/\\\/mapagrouprealty.com\\\/es\\\/testimonios-de-clientes-madison-wisconsin\\\/#breadcrumb\",\"itemListElement\":[{\"@type\":\"ListItem\",\"position\":1,\"name\":\"Home\",\"item\":\"https:\\\/\\\/mapagrouprealty.com\\\/es\\\/\"},{\"@type\":\"ListItem\",\"position\":2,\"name\":\"Testimonios de Clientes\"}]},{\"@type\":\"WebSite\",\"@id\":\"https:\\\/\\\/mapagrouprealty.com\\\/es\\\/#website\",\"url\":\"https:\\\/\\\/mapagrouprealty.com\\\/es\\\/\",\"name\":\"Mapa Group Real Estate\",\"description\":\"\",\"publisher\":{\"@id\":\"https:\\\/\\\/mapagrouprealty.com\\\/es\\\/#organization\"},\"potentialAction\":[{\"@type\":\"SearchAction\",\"target\":{\"@type\":\"EntryPoint\",\"urlTemplate\":\"https:\\\/\\\/mapagrouprealty.com\\\/es\\\/?s={search_term_string}\"},\"query-input\":{\"@type\":\"PropertyValueSpecification\",\"valueRequired\":true,\"valueName\":\"search_term_string\"}}],\"inLanguage\":\"es\"},{\"@type\":\"Organization\",\"@id\":\"https:\\\/\\\/mapagrouprealty.com\\\/es\\\/#organization\",\"name\":\"Mapa Group Real Estate\",\"url\":\"https:\\\/\\\/mapagrouprealty.com\\\/es\\\/\",\"logo\":{\"@type\":\"ImageObject\",\"inLanguage\":\"es\",\"@id\":\"https:\\\/\\\/mapagrouprealty.com\\\/es\\\/#\\\/schema\\\/logo\\\/image\\\/\",\"url\":\"https:\\\/\\\/mapagrouprealty.com\\\/wp-content\\\/uploads\\\/2020\\\/10\\\/logomapagroup.png\",\"contentUrl\":\"https:\\\/\\\/mapagrouprealty.com\\\/wp-content\\\/uploads\\\/2020\\\/10\\\/logomapagroup.png\",\"width\":369,\"height\":151,\"caption\":\"Mapa Group Real Estate\"},\"image\":{\"@id\":\"https:\\\/\\\/mapagrouprealty.com\\\/es\\\/#\\\/schema\\\/logo\\\/image\\\/\"},\"sameAs\":[\"https:\\\/\\\/www.facebook.com\\\/mapagrouprealestate\",\"https:\\\/\\\/x.com\\\/maparealestate\"]}]}<\/script>\n<!-- \/ Yoast SEO plugin. -->","yoast_head_json":{"title":"Testimonios de Clientes | Se Habla Espa\u00f1ol | Mapa Group Real Estate","robots":{"index":"index","follow":"follow","max-snippet":"max-snippet:-1","max-image-preview":"max-image-preview:large","max-video-preview":"max-video-preview:-1"},"canonical":"https:\/\/mapagrouprealty.com\/es\/testimonios-de-clientes-madison-wisconsin\/","og_locale":"es_ES","og_type":"article","og_title":"Testimonios de Clientes | Se Habla Espa\u00f1ol | Mapa Group Real Estate","og_description":"Testimonios de Clientes Nuestro objetivo # 1 es brindar a todos y cada uno de nuestros clientes la mejor experiencia inmobiliaria. \u00a1Nuestra dedicaci\u00f3n, atenci\u00f3n al detalle, habilidades de negociaci\u00f3n y capacidad para escuchar sus necesidades no pasan desapercibidas! Vea lo que han dicho clientes anteriores sobre la compra o venta de propiedades con nosotros. Enoch [&hellip;]","og_url":"https:\/\/mapagrouprealty.com\/es\/testimonios-de-clientes-madison-wisconsin\/","og_site_name":"Mapa Group Real Estate","article_publisher":"https:\/\/www.facebook.com\/mapagrouprealestate","article_modified_time":"2021-03-03T22:01:00+00:00","twitter_card":"summary_large_image","twitter_site":"@maparealestate","twitter_misc":{"Tiempo de lectura":"1 minuto"},"schema":{"@context":"https:\/\/schema.org","@graph":[{"@type":"WebPage","@id":"https:\/\/mapagrouprealty.com\/es\/testimonios-de-clientes-madison-wisconsin\/","url":"https:\/\/mapagrouprealty.com\/es\/testimonios-de-clientes-madison-wisconsin\/","name":"Testimonios de Clientes | Se Habla Espa\u00f1ol | Mapa Group Real Estate","isPartOf":{"@id":"https:\/\/mapagrouprealty.com\/es\/#website"},"datePublished":"2020-12-17T00:16:44+00:00","dateModified":"2021-03-03T22:01:00+00:00","breadcrumb":{"@id":"https:\/\/mapagrouprealty.com\/es\/testimonios-de-clientes-madison-wisconsin\/#breadcrumb"},"inLanguage":"es","potentialAction":[{"@type":"ReadAction","target":["https:\/\/mapagrouprealty.com\/es\/testimonios-de-clientes-madison-wisconsin\/"]}]},{"@type":"BreadcrumbList","@id":"https:\/\/mapagrouprealty.com\/es\/testimonios-de-clientes-madison-wisconsin\/#breadcrumb","itemListElement":[{"@type":"ListItem","position":1,"name":"Home","item":"https:\/\/mapagrouprealty.com\/es\/"},{"@type":"ListItem","position":2,"name":"Testimonios de Clientes"}]},{"@type":"WebSite","@id":"https:\/\/mapagrouprealty.com\/es\/#website","url":"https:\/\/mapagrouprealty.com\/es\/","name":"Mapa Group Real Estate","description":"","publisher":{"@id":"https:\/\/mapagrouprealty.com\/es\/#organization"},"potentialAction":[{"@type":"SearchAction","target":{"@type":"EntryPoint","urlTemplate":"https:\/\/mapagrouprealty.com\/es\/?s={search_term_string}"},"query-input":{"@type":"PropertyValueSpecification","valueRequired":true,"valueName":"search_term_string"}}],"inLanguage":"es"},{"@type":"Organization","@id":"https:\/\/mapagrouprealty.com\/es\/#organization","name":"Mapa Group Real Estate","url":"https:\/\/mapagrouprealty.com\/es\/","logo":{"@type":"ImageObject","inLanguage":"es","@id":"https:\/\/mapagrouprealty.com\/es\/#\/schema\/logo\/image\/","url":"https:\/\/mapagrouprealty.com\/wp-content\/uploads\/2020\/10\/logomapagroup.png","contentUrl":"https:\/\/mapagrouprealty.com\/wp-content\/uploads\/2020\/10\/logomapagroup.png","width":369,"height":151,"caption":"Mapa Group Real Estate"},"image":{"@id":"https:\/\/mapagrouprealty.com\/es\/#\/schema\/logo\/image\/"},"sameAs":["https:\/\/www.facebook.com\/mapagrouprealestate","https:\/\/x.com\/maparealestate"]}]}},"_links":{"self":[{"href":"https:\/\/mapagrouprealty.com\/es\/wp-json\/wp\/v2\/pages\/822","targetHints":{"allow":["GET"]}}],"collection":[{"href":"https:\/\/mapagrouprealty.com\/es\/wp-json\/wp\/v2\/pages"}],"about":[{"href":"https:\/\/mapagrouprealty.com\/es\/wp-json\/wp\/v2\/types\/page"}],"author":[{"embeddable":true,"href":"https:\/\/mapagrouprealty.com\/es\/wp-json\/wp\/v2\/users\/1"}],"replies":[{"embeddable":true,"href":"https:\/\/mapagrouprealty.com\/es\/wp-json\/wp\/v2\/comments?post=822"}],"version-history":[{"count":11,"href":"https:\/\/mapagrouprealty.com\/es\/wp-json\/wp\/v2\/pages\/822\/revisions"}],"predecessor-version":[{"id":1079,"href":"https:\/\/mapagrouprealty.com\/es\/wp-json\/wp\/v2\/pages\/822\/revisions\/1079"}],"wp:attachment":[{"href":"https:\/\/mapagrouprealty.com\/es\/wp-json\/wp\/v2\/media?parent=822"}],"curies":[{"name":"wp","href":"https:\/\/api.w.org\/{rel}","templated":true}]}}