{"id":829,"date":"2020-12-16T18:23:11","date_gmt":"2020-12-17T00:23:11","guid":{"rendered":"https:\/\/mapagrouprealty.com\/?page_id=829"},"modified":"2021-02-11T11:35:30","modified_gmt":"2021-02-11T17:35:30","slug":"realtor-hispanohablante-madison-wi","status":"publish","type":"page","link":"https:\/\/mapagrouprealty.com\/es\/realtor-hispanohablante-madison-wi\/","title":{"rendered":"Agente de Bienes Ra\u00edces Biling\u00fce"},"content":{"rendered":"\t\t<div data-elementor-type=\"wp-page\" data-elementor-id=\"829\" class=\"elementor elementor-829\" data-elementor-post-type=\"page\">\n\t\t\t\t\t\t<section class=\"elementor-section elementor-top-section elementor-element elementor-element-586576b7 elementor-section-boxed elementor-section-height-default elementor-section-height-default\" data-id=\"586576b7\" data-element_type=\"section\" data-e-type=\"section\" data-settings=\"{&quot;background_background&quot;:&quot;classic&quot;}\">\n\t\t\t\t\t\t<div class=\"elementor-container elementor-column-gap-default\">\n\t\t\t\t\t<div class=\"elementor-column elementor-col-100 elementor-top-column elementor-element elementor-element-4b277aba\" data-id=\"4b277aba\" data-element_type=\"column\" data-e-type=\"column\" data-settings=\"{&quot;background_background&quot;:&quot;classic&quot;}\">\n\t\t\t<div class=\"elementor-widget-wrap elementor-element-populated\">\n\t\t\t\t\t\t<section class=\"elementor-section elementor-inner-section elementor-element elementor-element-2559dc2 elementor-section-boxed elementor-section-height-default elementor-section-height-default\" data-id=\"2559dc2\" data-element_type=\"section\" data-e-type=\"section\">\n\t\t\t\t\t\t<div class=\"elementor-container elementor-column-gap-default\">\n\t\t\t\t\t<div class=\"elementor-column elementor-col-100 elementor-inner-column elementor-element elementor-element-47cef0cc\" data-id=\"47cef0cc\" data-element_type=\"column\" data-e-type=\"column\">\n\t\t\t<div class=\"elementor-widget-wrap elementor-element-populated\">\n\t\t\t\t\t\t<div class=\"elementor-element elementor-element-59a54b20 p-custom elementor-widget elementor-widget-text-editor\" data-id=\"59a54b20\" data-element_type=\"widget\" data-e-type=\"widget\" data-widget_type=\"text-editor.default\">\n\t\t\t\t<div class=\"elementor-widget-container\">\n\t\t\t\t\t\t\t\t\t<p>UN REALTOR QUE HABLA ESPA\u00d1OL EN EL QUE PUEDE CONFIAR<\/p>\t\t\t\t\t\t\t\t<\/div>\n\t\t\t\t<\/div>\n\t\t\t\t<div class=\"elementor-element elementor-element-1c4d014e elementor-widget elementor-widget-heading\" data-id=\"1c4d014e\" data-element_type=\"widget\" data-e-type=\"widget\" data-widget_type=\"heading.default\">\n\t\t\t\t<div class=\"elementor-widget-container\">\n\t\t\t\t\t<h1 class=\"elementor-heading-title elementor-size-xl\">Agente de Bienes Ra\u00edces Biling\u00fce en Madison WI<\/h1>\t\t\t\t<\/div>\n\t\t\t\t<\/div>\n\t\t\t\t<div class=\"elementor-element elementor-element-1483b40a elementor-widget elementor-widget-spacer\" data-id=\"1483b40a\" data-element_type=\"widget\" data-e-type=\"widget\" data-widget_type=\"spacer.default\">\n\t\t\t\t<div class=\"elementor-widget-container\">\n\t\t\t\t\t\t\t<div class=\"elementor-spacer\">\n\t\t\t<div class=\"elementor-spacer-inner\"><\/div>\n\t\t<\/div>\n\t\t\t\t\t\t<\/div>\n\t\t\t\t<\/div>\n\t\t\t\t\t<\/div>\n\t\t<\/div>\n\t\t\t\t\t<\/div>\n\t\t<\/section>\n\t\t\t\t<section class=\"elementor-section elementor-inner-section elementor-element elementor-element-58e09811 elementor-section-boxed elementor-section-height-default elementor-section-height-default\" data-id=\"58e09811\" data-element_type=\"section\" data-e-type=\"section\">\n\t\t\t\t\t\t<div class=\"elementor-container elementor-column-gap-default\">\n\t\t\t\t\t<div class=\"elementor-column elementor-col-100 elementor-inner-column elementor-element elementor-element-22742ad7\" data-id=\"22742ad7\" data-element_type=\"column\" data-e-type=\"column\">\n\t\t\t<div class=\"elementor-widget-wrap elementor-element-populated\">\n\t\t\t\t\t\t<div class=\"elementor-element elementor-element-7841d4ce p-custom elementor-widget elementor-widget-text-editor\" data-id=\"7841d4ce\" data-element_type=\"widget\" data-e-type=\"widget\" data-widget_type=\"text-editor.default\">\n\t\t\t\t<div class=\"elementor-widget-container\">\n\t\t\t\t\t\t\t\t\t<p>Me considero afortunado y orgulloso de poder servir a mi comunidad Latinx. Para satisfacer las crecientes demandas de la creciente poblaci\u00f3n latina de Wisconsin, proporciono servicios inmobiliarios biling\u00fces y multiculturales a compradores y vendedores de viviendas cuyo idioma materno es el espa\u00f1ol.<\/p><p>El mundo de los bienes ra\u00edces es lo suficientemente complejo y lo es a\u00fan m\u00e1s cuando existe la barrera del idioma. Si bien es posible que muchos de nosotros hayamos comprado propiedades en nuestros propios pa\u00edses, el mercado inmobiliario en los EE. UU. Es algo diferente y viene con sus propios procesos, terminolog\u00eda y matices. Pero esto no deber\u00eda impedirle alcanzar sus metas, y ah\u00ed es donde entro yo. Me esfuerzo por elevar a\u00fan m\u00e1s el nivel de conocimiento y comodidad de mis clientes al comprar una casa o hacer inversiones para su futuro y el futuro de sus familias al proporcionarles con la informaci\u00f3n que necesitan y en el idioma que prefieren.<\/p><p>Como su agente, con mucho gusto lo guiar\u00e9 a trav\u00e9s del proceso y le explicar\u00e9 qu\u00e9 esperar en cada paso. Asistir\u00e9 a reuniones y proyecciones con usted y actuar\u00e9 como int\u00e9rprete cuando sea necesario para que pueda obtener la informaci\u00f3n esencial que lo ayudar\u00e1 a tomar decisiones informadas sobre su futuro.<\/p><p>\u00a1Ll\u00e1manos o env\u00edanos un mensaje para conocer m\u00e1s sobre nuestro proceso y c\u00f3mo podemos ayudarte!<\/p><p>\u00bfNo est\u00e1 seguro de si re\u00fane los requisitos para ser propietario de una casa? Exploraremos sus opciones juntos y haremos un plan para acercarlo a su sue\u00f1o.<\/p>\t\t\t\t\t\t\t\t<\/div>\n\t\t\t\t<\/div>\n\t\t\t\t<div class=\"elementor-element elementor-element-73b2f2d9 elementor-button-info elementor-align-center elementor-widget elementor-widget-button\" data-id=\"73b2f2d9\" data-element_type=\"widget\" data-e-type=\"widget\" data-widget_type=\"button.default\">\n\t\t\t\t<div class=\"elementor-widget-container\">\n\t\t\t\t\t\t\t\t\t<div class=\"elementor-button-wrapper\">\n\t\t\t\t\t<a class=\"elementor-button elementor-button-link elementor-size-sm\" href=\"https:\/\/mapagrouprealty.com\/es\/contactanos\/\">\n\t\t\t\t\t\t<span class=\"elementor-button-content-wrapper\">\n\t\t\t\t\t\t\t\t\t<span class=\"elementor-button-text\">CONTACT US<\/span>\n\t\t\t\t\t<\/span>\n\t\t\t\t\t<\/a>\n\t\t\t\t<\/div>\n\t\t\t\t\t\t\t\t<\/div>\n\t\t\t\t<\/div>\n\t\t\t\t\t<\/div>\n\t\t<\/div>\n\t\t\t\t\t<\/div>\n\t\t<\/section>\n\t\t\t\t\t<\/div>\n\t\t<\/div>\n\t\t\t\t\t<\/div>\n\t\t<\/section>\n\t\t\t\t<\/div>\n\t\t","protected":false},"excerpt":{"rendered":"<p>UN REALTOR QUE HABLA ESPA\u00d1OL EN EL QUE PUEDE CONFIAR Agente de Bienes Ra\u00edces Biling\u00fce en Madison WI Me considero afortunado y orgulloso de poder servir a mi comunidad Latinx. Para satisfacer las crecientes demandas de la creciente poblaci\u00f3n latina de Wisconsin, proporciono servicios inmobiliarios biling\u00fces y multiculturales a compradores y vendedores de viviendas cuyo [&hellip;]<\/p>\n","protected":false},"author":1,"featured_media":0,"parent":0,"menu_order":0,"comment_status":"closed","ping_status":"closed","template":"elementor_header_footer","meta":{"nf_dc_page":"","footnotes":""},"class_list":["post-829","page","type-page","status-publish","hentry"],"yoast_head":"<!-- This site is optimized with the Yoast SEO plugin v27.6 - https:\/\/yoast.com\/product\/yoast-seo-wordpress\/ -->\n<title>Agente de Bienes Ra\u00edces Biling\u00fce | Se Habla Espa\u00f1ol | Mapa Group Real Estate<\/title>\n<meta name=\"robots\" content=\"index, follow, max-snippet:-1, max-image-preview:large, max-video-preview:-1\" \/>\n<link rel=\"canonical\" href=\"https:\/\/mapagrouprealty.com\/es\/realtor-hispanohablante-madison-wi\/\" \/>\n<meta property=\"og:locale\" content=\"es_ES\" \/>\n<meta property=\"og:type\" content=\"article\" \/>\n<meta property=\"og:title\" content=\"Agente de Bienes Ra\u00edces Biling\u00fce | Se Habla Espa\u00f1ol | Mapa Group Real Estate\" \/>\n<meta property=\"og:description\" content=\"UN REALTOR QUE HABLA ESPA\u00d1OL EN EL QUE PUEDE CONFIAR Agente de Bienes Ra\u00edces Biling\u00fce en Madison WI Me considero afortunado y orgulloso de poder servir a mi comunidad Latinx. Para satisfacer las crecientes demandas de la creciente poblaci\u00f3n latina de Wisconsin, proporciono servicios inmobiliarios biling\u00fces y multiculturales a compradores y vendedores de viviendas cuyo [&hellip;]\" \/>\n<meta property=\"og:url\" content=\"https:\/\/mapagrouprealty.com\/es\/realtor-hispanohablante-madison-wi\/\" \/>\n<meta property=\"og:site_name\" content=\"Mapa Group Real Estate\" \/>\n<meta property=\"article:publisher\" content=\"https:\/\/www.facebook.com\/mapagrouprealestate\" \/>\n<meta property=\"article:modified_time\" content=\"2021-02-11T17:35:30+00:00\" \/>\n<meta name=\"twitter:card\" content=\"summary_large_image\" \/>\n<meta name=\"twitter:site\" content=\"@maparealestate\" \/>\n<meta name=\"twitter:label1\" content=\"Tiempo de lectura\" \/>\n\t<meta name=\"twitter:data1\" content=\"1 minuto\" \/>\n<script type=\"application\/ld+json\" class=\"yoast-schema-graph\">{\"@context\":\"https:\\\/\\\/schema.org\",\"@graph\":[{\"@type\":\"WebPage\",\"@id\":\"https:\\\/\\\/mapagrouprealty.com\\\/es\\\/realtor-hispanohablante-madison-wi\\\/\",\"url\":\"https:\\\/\\\/mapagrouprealty.com\\\/es\\\/realtor-hispanohablante-madison-wi\\\/\",\"name\":\"Agente de Bienes Ra\u00edces Biling\u00fce | Se Habla Espa\u00f1ol | Mapa Group Real Estate\",\"isPartOf\":{\"@id\":\"https:\\\/\\\/mapagrouprealty.com\\\/es\\\/#website\"},\"datePublished\":\"2020-12-17T00:23:11+00:00\",\"dateModified\":\"2021-02-11T17:35:30+00:00\",\"breadcrumb\":{\"@id\":\"https:\\\/\\\/mapagrouprealty.com\\\/es\\\/realtor-hispanohablante-madison-wi\\\/#breadcrumb\"},\"inLanguage\":\"es\",\"potentialAction\":[{\"@type\":\"ReadAction\",\"target\":[\"https:\\\/\\\/mapagrouprealty.com\\\/es\\\/realtor-hispanohablante-madison-wi\\\/\"]}]},{\"@type\":\"BreadcrumbList\",\"@id\":\"https:\\\/\\\/mapagrouprealty.com\\\/es\\\/realtor-hispanohablante-madison-wi\\\/#breadcrumb\",\"itemListElement\":[{\"@type\":\"ListItem\",\"position\":1,\"name\":\"Home\",\"item\":\"https:\\\/\\\/mapagrouprealty.com\\\/es\\\/\"},{\"@type\":\"ListItem\",\"position\":2,\"name\":\"Agente de Bienes Ra\u00edces Biling\u00fce\"}]},{\"@type\":\"WebSite\",\"@id\":\"https:\\\/\\\/mapagrouprealty.com\\\/es\\\/#website\",\"url\":\"https:\\\/\\\/mapagrouprealty.com\\\/es\\\/\",\"name\":\"Mapa Group Real Estate\",\"description\":\"\",\"publisher\":{\"@id\":\"https:\\\/\\\/mapagrouprealty.com\\\/es\\\/#organization\"},\"potentialAction\":[{\"@type\":\"SearchAction\",\"target\":{\"@type\":\"EntryPoint\",\"urlTemplate\":\"https:\\\/\\\/mapagrouprealty.com\\\/es\\\/?s={search_term_string}\"},\"query-input\":{\"@type\":\"PropertyValueSpecification\",\"valueRequired\":true,\"valueName\":\"search_term_string\"}}],\"inLanguage\":\"es\"},{\"@type\":\"Organization\",\"@id\":\"https:\\\/\\\/mapagrouprealty.com\\\/es\\\/#organization\",\"name\":\"Mapa Group Real Estate\",\"url\":\"https:\\\/\\\/mapagrouprealty.com\\\/es\\\/\",\"logo\":{\"@type\":\"ImageObject\",\"inLanguage\":\"es\",\"@id\":\"https:\\\/\\\/mapagrouprealty.com\\\/es\\\/#\\\/schema\\\/logo\\\/image\\\/\",\"url\":\"https:\\\/\\\/mapagrouprealty.com\\\/wp-content\\\/uploads\\\/2020\\\/10\\\/logomapagroup.png\",\"contentUrl\":\"https:\\\/\\\/mapagrouprealty.com\\\/wp-content\\\/uploads\\\/2020\\\/10\\\/logomapagroup.png\",\"width\":369,\"height\":151,\"caption\":\"Mapa Group Real Estate\"},\"image\":{\"@id\":\"https:\\\/\\\/mapagrouprealty.com\\\/es\\\/#\\\/schema\\\/logo\\\/image\\\/\"},\"sameAs\":[\"https:\\\/\\\/www.facebook.com\\\/mapagrouprealestate\",\"https:\\\/\\\/x.com\\\/maparealestate\"]}]}<\/script>\n<!-- \/ Yoast SEO plugin. -->","yoast_head_json":{"title":"Agente de Bienes Ra\u00edces Biling\u00fce | Se Habla Espa\u00f1ol | Mapa Group Real Estate","robots":{"index":"index","follow":"follow","max-snippet":"max-snippet:-1","max-image-preview":"max-image-preview:large","max-video-preview":"max-video-preview:-1"},"canonical":"https:\/\/mapagrouprealty.com\/es\/realtor-hispanohablante-madison-wi\/","og_locale":"es_ES","og_type":"article","og_title":"Agente de Bienes Ra\u00edces Biling\u00fce | Se Habla Espa\u00f1ol | Mapa Group Real Estate","og_description":"UN REALTOR QUE HABLA ESPA\u00d1OL EN EL QUE PUEDE CONFIAR Agente de Bienes Ra\u00edces Biling\u00fce en Madison WI Me considero afortunado y orgulloso de poder servir a mi comunidad Latinx. Para satisfacer las crecientes demandas de la creciente poblaci\u00f3n latina de Wisconsin, proporciono servicios inmobiliarios biling\u00fces y multiculturales a compradores y vendedores de viviendas cuyo [&hellip;]","og_url":"https:\/\/mapagrouprealty.com\/es\/realtor-hispanohablante-madison-wi\/","og_site_name":"Mapa Group Real Estate","article_publisher":"https:\/\/www.facebook.com\/mapagrouprealestate","article_modified_time":"2021-02-11T17:35:30+00:00","twitter_card":"summary_large_image","twitter_site":"@maparealestate","twitter_misc":{"Tiempo de lectura":"1 minuto"},"schema":{"@context":"https:\/\/schema.org","@graph":[{"@type":"WebPage","@id":"https:\/\/mapagrouprealty.com\/es\/realtor-hispanohablante-madison-wi\/","url":"https:\/\/mapagrouprealty.com\/es\/realtor-hispanohablante-madison-wi\/","name":"Agente de Bienes Ra\u00edces Biling\u00fce | Se Habla Espa\u00f1ol | Mapa Group Real Estate","isPartOf":{"@id":"https:\/\/mapagrouprealty.com\/es\/#website"},"datePublished":"2020-12-17T00:23:11+00:00","dateModified":"2021-02-11T17:35:30+00:00","breadcrumb":{"@id":"https:\/\/mapagrouprealty.com\/es\/realtor-hispanohablante-madison-wi\/#breadcrumb"},"inLanguage":"es","potentialAction":[{"@type":"ReadAction","target":["https:\/\/mapagrouprealty.com\/es\/realtor-hispanohablante-madison-wi\/"]}]},{"@type":"BreadcrumbList","@id":"https:\/\/mapagrouprealty.com\/es\/realtor-hispanohablante-madison-wi\/#breadcrumb","itemListElement":[{"@type":"ListItem","position":1,"name":"Home","item":"https:\/\/mapagrouprealty.com\/es\/"},{"@type":"ListItem","position":2,"name":"Agente de Bienes Ra\u00edces Biling\u00fce"}]},{"@type":"WebSite","@id":"https:\/\/mapagrouprealty.com\/es\/#website","url":"https:\/\/mapagrouprealty.com\/es\/","name":"Mapa Group Real Estate","description":"","publisher":{"@id":"https:\/\/mapagrouprealty.com\/es\/#organization"},"potentialAction":[{"@type":"SearchAction","target":{"@type":"EntryPoint","urlTemplate":"https:\/\/mapagrouprealty.com\/es\/?s={search_term_string}"},"query-input":{"@type":"PropertyValueSpecification","valueRequired":true,"valueName":"search_term_string"}}],"inLanguage":"es"},{"@type":"Organization","@id":"https:\/\/mapagrouprealty.com\/es\/#organization","name":"Mapa Group Real Estate","url":"https:\/\/mapagrouprealty.com\/es\/","logo":{"@type":"ImageObject","inLanguage":"es","@id":"https:\/\/mapagrouprealty.com\/es\/#\/schema\/logo\/image\/","url":"https:\/\/mapagrouprealty.com\/wp-content\/uploads\/2020\/10\/logomapagroup.png","contentUrl":"https:\/\/mapagrouprealty.com\/wp-content\/uploads\/2020\/10\/logomapagroup.png","width":369,"height":151,"caption":"Mapa Group Real Estate"},"image":{"@id":"https:\/\/mapagrouprealty.com\/es\/#\/schema\/logo\/image\/"},"sameAs":["https:\/\/www.facebook.com\/mapagrouprealestate","https:\/\/x.com\/maparealestate"]}]}},"_links":{"self":[{"href":"https:\/\/mapagrouprealty.com\/es\/wp-json\/wp\/v2\/pages\/829","targetHints":{"allow":["GET"]}}],"collection":[{"href":"https:\/\/mapagrouprealty.com\/es\/wp-json\/wp\/v2\/pages"}],"about":[{"href":"https:\/\/mapagrouprealty.com\/es\/wp-json\/wp\/v2\/types\/page"}],"author":[{"embeddable":true,"href":"https:\/\/mapagrouprealty.com\/es\/wp-json\/wp\/v2\/users\/1"}],"replies":[{"embeddable":true,"href":"https:\/\/mapagrouprealty.com\/es\/wp-json\/wp\/v2\/comments?post=829"}],"version-history":[{"count":14,"href":"https:\/\/mapagrouprealty.com\/es\/wp-json\/wp\/v2\/pages\/829\/revisions"}],"predecessor-version":[{"id":988,"href":"https:\/\/mapagrouprealty.com\/es\/wp-json\/wp\/v2\/pages\/829\/revisions\/988"}],"wp:attachment":[{"href":"https:\/\/mapagrouprealty.com\/es\/wp-json\/wp\/v2\/media?parent=829"}],"curies":[{"name":"wp","href":"https:\/\/api.w.org\/{rel}","templated":true}]}}