{"id":884,"date":"2020-12-16T18:55:00","date_gmt":"2020-12-17T00:55:00","guid":{"rendered":"https:\/\/mapagrouprealty.com\/?page_id=884"},"modified":"2021-03-03T15:44:14","modified_gmt":"2021-03-03T21:44:14","slug":"declaracion-fair-housing","status":"publish","type":"page","link":"https:\/\/mapagrouprealty.com\/es\/declaracion-fair-housing\/","title":{"rendered":"Declaraci\u00f3n de Fair Housing"},"content":{"rendered":"\t\t<div data-elementor-type=\"wp-page\" data-elementor-id=\"884\" class=\"elementor elementor-884\" data-elementor-post-type=\"page\">\n\t\t\t\t\t\t<section class=\"elementor-section elementor-top-section elementor-element elementor-element-4a3e4515 elementor-section-boxed elementor-section-height-default elementor-section-height-default\" data-id=\"4a3e4515\" data-element_type=\"section\" data-e-type=\"section\" data-settings=\"{&quot;background_background&quot;:&quot;classic&quot;}\">\n\t\t\t\t\t\t<div class=\"elementor-container elementor-column-gap-default\">\n\t\t\t\t\t<div class=\"elementor-column elementor-col-100 elementor-top-column elementor-element elementor-element-50ae54f5\" data-id=\"50ae54f5\" data-element_type=\"column\" data-e-type=\"column\" data-settings=\"{&quot;background_background&quot;:&quot;classic&quot;}\">\n\t\t\t<div class=\"elementor-widget-wrap elementor-element-populated\">\n\t\t\t\t\t\t<section class=\"elementor-section elementor-inner-section elementor-element elementor-element-292008f5 elementor-section-boxed elementor-section-height-default elementor-section-height-default\" data-id=\"292008f5\" data-element_type=\"section\" data-e-type=\"section\">\n\t\t\t\t\t\t<div class=\"elementor-container elementor-column-gap-default\">\n\t\t\t\t\t<div class=\"elementor-column elementor-col-100 elementor-inner-column elementor-element elementor-element-664bf33f\" data-id=\"664bf33f\" data-element_type=\"column\" data-e-type=\"column\">\n\t\t\t<div class=\"elementor-widget-wrap elementor-element-populated\">\n\t\t\t\t\t\t<div class=\"elementor-element elementor-element-123b8e35 elementor-widget elementor-widget-heading\" data-id=\"123b8e35\" data-element_type=\"widget\" data-e-type=\"widget\" data-widget_type=\"heading.default\">\n\t\t\t\t<div class=\"elementor-widget-container\">\n\t\t\t\t\t<h1 class=\"elementor-heading-title elementor-size-xl\">Declaraci\u00f3n Equidad de Vivienda<\/h1>\t\t\t\t<\/div>\n\t\t\t\t<\/div>\n\t\t\t\t<div class=\"elementor-element elementor-element-6f938e83 elementor-widget elementor-widget-spacer\" data-id=\"6f938e83\" data-element_type=\"widget\" data-e-type=\"widget\" data-widget_type=\"spacer.default\">\n\t\t\t\t<div class=\"elementor-widget-container\">\n\t\t\t\t\t\t\t<div class=\"elementor-spacer\">\n\t\t\t<div class=\"elementor-spacer-inner\"><\/div>\n\t\t<\/div>\n\t\t\t\t\t\t<\/div>\n\t\t\t\t<\/div>\n\t\t\t\t\t<\/div>\n\t\t<\/div>\n\t\t\t\t\t<\/div>\n\t\t<\/section>\n\t\t\t\t<section class=\"elementor-section elementor-inner-section elementor-element elementor-element-77aebb9 elementor-section-boxed elementor-section-height-default elementor-section-height-default\" data-id=\"77aebb9\" data-element_type=\"section\" data-e-type=\"section\">\n\t\t\t\t\t\t<div class=\"elementor-container elementor-column-gap-default\">\n\t\t\t\t\t<div class=\"elementor-column elementor-col-100 elementor-inner-column elementor-element elementor-element-381247ae\" data-id=\"381247ae\" data-element_type=\"column\" data-e-type=\"column\">\n\t\t\t<div class=\"elementor-widget-wrap elementor-element-populated\">\n\t\t\t\t\t\t<div class=\"elementor-element elementor-element-4190d842 p-custom elementor-widget elementor-widget-text-editor\" data-id=\"4190d842\" data-element_type=\"widget\" data-e-type=\"widget\" data-widget_type=\"text-editor.default\">\n\t\t\t\t<div class=\"elementor-widget-container\">\n\t\t\t\t\t\t\t\t\t<p>Apoyamos y seguimos los principios de la Ley de Equidad de Vivienda (T\u00edtulo VIII de la Ley de Derechos Civiles de 1968), seg\u00fan enmendada. Como proveedor de vivienda con igualdad de oportunidades, Mapa Realty Group ofrece oportunidades de vivienda independientemente de la raza, el color, el origen nacional, la religi\u00f3n, el sexo, la discapacidad f\u00edsica o mental, el estado familiar o cualquier otra clasificaci\u00f3n protegida por las leyes federales, estatales o locales aplicables.<\/p>\t\t\t\t\t\t\t\t<\/div>\n\t\t\t\t<\/div>\n\t\t\t\t\t<\/div>\n\t\t<\/div>\n\t\t\t\t\t<\/div>\n\t\t<\/section>\n\t\t\t\t\t<\/div>\n\t\t<\/div>\n\t\t\t\t\t<\/div>\n\t\t<\/section>\n\t\t\t\t<\/div>\n\t\t","protected":false},"excerpt":{"rendered":"<p>Declaraci\u00f3n Equidad de Vivienda Apoyamos y seguimos los principios de la Ley de Equidad de Vivienda (T\u00edtulo VIII de la Ley de Derechos Civiles de 1968), seg\u00fan enmendada. Como proveedor de vivienda con igualdad de oportunidades, Mapa Realty Group ofrece oportunidades de vivienda independientemente de la raza, el color, el origen nacional, la religi\u00f3n, el [&hellip;]<\/p>\n","protected":false},"author":1,"featured_media":0,"parent":0,"menu_order":0,"comment_status":"closed","ping_status":"closed","template":"elementor_header_footer","meta":{"nf_dc_page":"","footnotes":""},"class_list":["post-884","page","type-page","status-publish","hentry"],"yoast_head":"<!-- This site is optimized with the Yoast SEO plugin v27.4 - https:\/\/yoast.com\/product\/yoast-seo-wordpress\/ -->\n<title>Declaraci\u00f3n de Fair Housing | Se Habla Espa\u00f1ol | Mapa Group Real Estate<\/title>\n<meta name=\"robots\" content=\"index, follow, max-snippet:-1, max-image-preview:large, max-video-preview:-1\" \/>\n<link rel=\"canonical\" href=\"https:\/\/mapagrouprealty.com\/es\/declaracion-fair-housing\/\" \/>\n<meta property=\"og:locale\" content=\"es_ES\" \/>\n<meta property=\"og:type\" content=\"article\" \/>\n<meta property=\"og:title\" content=\"Declaraci\u00f3n de Fair Housing | Se Habla Espa\u00f1ol | Mapa Group Real Estate\" \/>\n<meta property=\"og:description\" content=\"Declaraci\u00f3n Equidad de Vivienda Apoyamos y seguimos los principios de la Ley de Equidad de Vivienda (T\u00edtulo VIII de la Ley de Derechos Civiles de 1968), seg\u00fan enmendada. Como proveedor de vivienda con igualdad de oportunidades, Mapa Realty Group ofrece oportunidades de vivienda independientemente de la raza, el color, el origen nacional, la religi\u00f3n, el [&hellip;]\" \/>\n<meta property=\"og:url\" content=\"https:\/\/mapagrouprealty.com\/es\/declaracion-fair-housing\/\" \/>\n<meta property=\"og:site_name\" content=\"Mapa Group Real Estate\" \/>\n<meta property=\"article:publisher\" content=\"https:\/\/www.facebook.com\/mapagrouprealestate\" \/>\n<meta property=\"article:modified_time\" content=\"2021-03-03T21:44:14+00:00\" \/>\n<meta name=\"twitter:card\" content=\"summary_large_image\" \/>\n<meta name=\"twitter:site\" content=\"@maparealestate\" \/>\n<script type=\"application\/ld+json\" class=\"yoast-schema-graph\">{\"@context\":\"https:\\\/\\\/schema.org\",\"@graph\":[{\"@type\":\"WebPage\",\"@id\":\"https:\\\/\\\/mapagrouprealty.com\\\/es\\\/declaracion-fair-housing\\\/\",\"url\":\"https:\\\/\\\/mapagrouprealty.com\\\/es\\\/declaracion-fair-housing\\\/\",\"name\":\"Declaraci\u00f3n de Fair Housing | Se Habla Espa\u00f1ol | Mapa Group Real Estate\",\"isPartOf\":{\"@id\":\"https:\\\/\\\/mapagrouprealty.com\\\/es\\\/#website\"},\"datePublished\":\"2020-12-17T00:55:00+00:00\",\"dateModified\":\"2021-03-03T21:44:14+00:00\",\"breadcrumb\":{\"@id\":\"https:\\\/\\\/mapagrouprealty.com\\\/es\\\/declaracion-fair-housing\\\/#breadcrumb\"},\"inLanguage\":\"es\",\"potentialAction\":[{\"@type\":\"ReadAction\",\"target\":[\"https:\\\/\\\/mapagrouprealty.com\\\/es\\\/declaracion-fair-housing\\\/\"]}]},{\"@type\":\"BreadcrumbList\",\"@id\":\"https:\\\/\\\/mapagrouprealty.com\\\/es\\\/declaracion-fair-housing\\\/#breadcrumb\",\"itemListElement\":[{\"@type\":\"ListItem\",\"position\":1,\"name\":\"Home\",\"item\":\"https:\\\/\\\/mapagrouprealty.com\\\/es\\\/\"},{\"@type\":\"ListItem\",\"position\":2,\"name\":\"Declaraci\u00f3n de Fair Housing\"}]},{\"@type\":\"WebSite\",\"@id\":\"https:\\\/\\\/mapagrouprealty.com\\\/es\\\/#website\",\"url\":\"https:\\\/\\\/mapagrouprealty.com\\\/es\\\/\",\"name\":\"Mapa Group Real Estate\",\"description\":\"\",\"publisher\":{\"@id\":\"https:\\\/\\\/mapagrouprealty.com\\\/es\\\/#organization\"},\"potentialAction\":[{\"@type\":\"SearchAction\",\"target\":{\"@type\":\"EntryPoint\",\"urlTemplate\":\"https:\\\/\\\/mapagrouprealty.com\\\/es\\\/?s={search_term_string}\"},\"query-input\":{\"@type\":\"PropertyValueSpecification\",\"valueRequired\":true,\"valueName\":\"search_term_string\"}}],\"inLanguage\":\"es\"},{\"@type\":\"Organization\",\"@id\":\"https:\\\/\\\/mapagrouprealty.com\\\/es\\\/#organization\",\"name\":\"Mapa Group Real Estate\",\"url\":\"https:\\\/\\\/mapagrouprealty.com\\\/es\\\/\",\"logo\":{\"@type\":\"ImageObject\",\"inLanguage\":\"es\",\"@id\":\"https:\\\/\\\/mapagrouprealty.com\\\/es\\\/#\\\/schema\\\/logo\\\/image\\\/\",\"url\":\"https:\\\/\\\/mapagrouprealty.com\\\/wp-content\\\/uploads\\\/2020\\\/10\\\/logomapagroup.png\",\"contentUrl\":\"https:\\\/\\\/mapagrouprealty.com\\\/wp-content\\\/uploads\\\/2020\\\/10\\\/logomapagroup.png\",\"width\":369,\"height\":151,\"caption\":\"Mapa Group Real Estate\"},\"image\":{\"@id\":\"https:\\\/\\\/mapagrouprealty.com\\\/es\\\/#\\\/schema\\\/logo\\\/image\\\/\"},\"sameAs\":[\"https:\\\/\\\/www.facebook.com\\\/mapagrouprealestate\",\"https:\\\/\\\/x.com\\\/maparealestate\"]}]}<\/script>\n<!-- \/ Yoast SEO plugin. -->","yoast_head_json":{"title":"Declaraci\u00f3n de Fair Housing | Se Habla Espa\u00f1ol | Mapa Group Real Estate","robots":{"index":"index","follow":"follow","max-snippet":"max-snippet:-1","max-image-preview":"max-image-preview:large","max-video-preview":"max-video-preview:-1"},"canonical":"https:\/\/mapagrouprealty.com\/es\/declaracion-fair-housing\/","og_locale":"es_ES","og_type":"article","og_title":"Declaraci\u00f3n de Fair Housing | Se Habla Espa\u00f1ol | Mapa Group Real Estate","og_description":"Declaraci\u00f3n Equidad de Vivienda Apoyamos y seguimos los principios de la Ley de Equidad de Vivienda (T\u00edtulo VIII de la Ley de Derechos Civiles de 1968), seg\u00fan enmendada. Como proveedor de vivienda con igualdad de oportunidades, Mapa Realty Group ofrece oportunidades de vivienda independientemente de la raza, el color, el origen nacional, la religi\u00f3n, el [&hellip;]","og_url":"https:\/\/mapagrouprealty.com\/es\/declaracion-fair-housing\/","og_site_name":"Mapa Group Real Estate","article_publisher":"https:\/\/www.facebook.com\/mapagrouprealestate","article_modified_time":"2021-03-03T21:44:14+00:00","twitter_card":"summary_large_image","twitter_site":"@maparealestate","schema":{"@context":"https:\/\/schema.org","@graph":[{"@type":"WebPage","@id":"https:\/\/mapagrouprealty.com\/es\/declaracion-fair-housing\/","url":"https:\/\/mapagrouprealty.com\/es\/declaracion-fair-housing\/","name":"Declaraci\u00f3n de Fair Housing | Se Habla Espa\u00f1ol | Mapa Group Real Estate","isPartOf":{"@id":"https:\/\/mapagrouprealty.com\/es\/#website"},"datePublished":"2020-12-17T00:55:00+00:00","dateModified":"2021-03-03T21:44:14+00:00","breadcrumb":{"@id":"https:\/\/mapagrouprealty.com\/es\/declaracion-fair-housing\/#breadcrumb"},"inLanguage":"es","potentialAction":[{"@type":"ReadAction","target":["https:\/\/mapagrouprealty.com\/es\/declaracion-fair-housing\/"]}]},{"@type":"BreadcrumbList","@id":"https:\/\/mapagrouprealty.com\/es\/declaracion-fair-housing\/#breadcrumb","itemListElement":[{"@type":"ListItem","position":1,"name":"Home","item":"https:\/\/mapagrouprealty.com\/es\/"},{"@type":"ListItem","position":2,"name":"Declaraci\u00f3n de Fair Housing"}]},{"@type":"WebSite","@id":"https:\/\/mapagrouprealty.com\/es\/#website","url":"https:\/\/mapagrouprealty.com\/es\/","name":"Mapa Group Real Estate","description":"","publisher":{"@id":"https:\/\/mapagrouprealty.com\/es\/#organization"},"potentialAction":[{"@type":"SearchAction","target":{"@type":"EntryPoint","urlTemplate":"https:\/\/mapagrouprealty.com\/es\/?s={search_term_string}"},"query-input":{"@type":"PropertyValueSpecification","valueRequired":true,"valueName":"search_term_string"}}],"inLanguage":"es"},{"@type":"Organization","@id":"https:\/\/mapagrouprealty.com\/es\/#organization","name":"Mapa Group Real Estate","url":"https:\/\/mapagrouprealty.com\/es\/","logo":{"@type":"ImageObject","inLanguage":"es","@id":"https:\/\/mapagrouprealty.com\/es\/#\/schema\/logo\/image\/","url":"https:\/\/mapagrouprealty.com\/wp-content\/uploads\/2020\/10\/logomapagroup.png","contentUrl":"https:\/\/mapagrouprealty.com\/wp-content\/uploads\/2020\/10\/logomapagroup.png","width":369,"height":151,"caption":"Mapa Group Real Estate"},"image":{"@id":"https:\/\/mapagrouprealty.com\/es\/#\/schema\/logo\/image\/"},"sameAs":["https:\/\/www.facebook.com\/mapagrouprealestate","https:\/\/x.com\/maparealestate"]}]}},"_links":{"self":[{"href":"https:\/\/mapagrouprealty.com\/es\/wp-json\/wp\/v2\/pages\/884","targetHints":{"allow":["GET"]}}],"collection":[{"href":"https:\/\/mapagrouprealty.com\/es\/wp-json\/wp\/v2\/pages"}],"about":[{"href":"https:\/\/mapagrouprealty.com\/es\/wp-json\/wp\/v2\/types\/page"}],"author":[{"embeddable":true,"href":"https:\/\/mapagrouprealty.com\/es\/wp-json\/wp\/v2\/users\/1"}],"replies":[{"embeddable":true,"href":"https:\/\/mapagrouprealty.com\/es\/wp-json\/wp\/v2\/comments?post=884"}],"version-history":[{"count":10,"href":"https:\/\/mapagrouprealty.com\/es\/wp-json\/wp\/v2\/pages\/884\/revisions"}],"predecessor-version":[{"id":1063,"href":"https:\/\/mapagrouprealty.com\/es\/wp-json\/wp\/v2\/pages\/884\/revisions\/1063"}],"wp:attachment":[{"href":"https:\/\/mapagrouprealty.com\/es\/wp-json\/wp\/v2\/media?parent=884"}],"curies":[{"name":"wp","href":"https:\/\/api.w.org\/{rel}","templated":true}]}}